{"id":5319,"date":"2021-09-21T20:08:37","date_gmt":"2021-09-21T18:08:37","guid":{"rendered":"http:\/\/gotour.be\/multi\/voyageretho\/?page_id=5319"},"modified":"2023-01-12T20:58:15","modified_gmt":"2023-01-12T19:58:15","slug":"administratif","status":"publish","type":"page","link":"https:\/\/gotour.be\/multi\/voyageretho\/administratif\/","title":{"rendered":"Administratif"},"content":{"rendered":"\n<p>Afin de pr\u00e9parer au mieux votre s\u00e9jour, n&rsquo;h\u00e9sitez pas \u00e0 nous demander un exemple-type des documents suivants:<\/p>\n\n\n\n<ul>\n<li>Fiche m\u00e9dicale<\/li>\n\n\n\n<li>Charte de bonne conduite<\/li>\n\n\n\n<li>Autorisation parentale<\/li>\n\n\n\n<li>Formulaire d&rsquo;inscription<\/li>\n\n\n\n<li>Nos conditions g\u00e9n\u00e9rales<\/li>\n\n\n\n<li>Assurance<\/li>\n<\/ul>\n","protected":false},"excerpt":{"rendered":"<p>Afin de pr\u00e9parer au mieux votre s\u00e9jour, n&rsquo;h\u00e9sitez pas \u00e0 nous demander un exemple-type des documents suivants:<\/p>\n","protected":false},"author":1,"featured_media":0,"parent":0,"menu_order":0,"comment_status":"closed","ping_status":"closed","template":"","meta":[],"_links":{"self":[{"href":"https:\/\/gotour.be\/multi\/voyageretho\/wp-json\/wp\/v2\/pages\/5319"}],"collection":[{"href":"https:\/\/gotour.be\/multi\/voyageretho\/wp-json\/wp\/v2\/pages"}],"about":[{"href":"https:\/\/gotour.be\/multi\/voyageretho\/wp-json\/wp\/v2\/types\/page"}],"author":[{"embeddable":true,"href":"https:\/\/gotour.be\/multi\/voyageretho\/wp-json\/wp\/v2\/users\/1"}],"replies":[{"embeddable":true,"href":"https:\/\/gotour.be\/multi\/voyageretho\/wp-json\/wp\/v2\/comments?post=5319"}],"version-history":[{"count":2,"href":"https:\/\/gotour.be\/multi\/voyageretho\/wp-json\/wp\/v2\/pages\/5319\/revisions"}],"predecessor-version":[{"id":5417,"href":"https:\/\/gotour.be\/multi\/voyageretho\/wp-json\/wp\/v2\/pages\/5319\/revisions\/5417"}],"wp:attachment":[{"href":"https:\/\/gotour.be\/multi\/voyageretho\/wp-json\/wp\/v2\/media?parent=5319"}],"curies":[{"name":"wp","href":"https:\/\/api.w.org\/{rel}","templated":true}]}}