{"id":9764,"date":"2025-12-29T14:38:34","date_gmt":"2025-12-29T13:38:34","guid":{"rendered":"https:\/\/gotour.be\/multi\/classedeneige\/?page_id=9764"},"modified":"2025-12-29T14:45:35","modified_gmt":"2025-12-29T13:45:35","slug":"activites-a-gressonay-saint-jean","status":"publish","type":"page","link":"https:\/\/gotour.be\/multi\/classedeneige\/activites-a-gressonay-saint-jean\/","title":{"rendered":"Activit\u00e9s \u00e0 Gressonay-Saint-Jean"},"content":{"rendered":"<p>[vc_row css=\u00a0\u00bb.vc_custom_1656498875505{padding-bottom: 40px !important;}\u00a0\u00bb][vc_column][vc_column_text]<\/p>\n<h4>Voici une liste des activit\u00e9s que nous proposons en dehors de l&rsquo;apprentissage du ski :<\/h4>\n<p>[\/vc_column_text][\/vc_column][\/vc_row][vc_row][vc_column][vc_toggle title=\u00a0\u00bbCh\u00e2teau de Savoie\u00a0\u00bb]<\/p>\n<p style=\"text-align: left;\"><img decoding=\"async\" loading=\"lazy\" class=\"alignnone size-medium wp-image-9768\" src=\"http:\/\/gotour.be\/multi\/classedeneige\/wp-content\/uploads\/sites\/4\/2025\/12\/chateau-savoie-300x223.jpg\" alt=\"\" width=\"300\" height=\"223\" srcset=\"https:\/\/gotour.be\/multi\/classedeneige\/wp-content\/uploads\/sites\/4\/2025\/12\/chateau-savoie-300x223.jpg 300w, https:\/\/gotour.be\/multi\/classedeneige\/wp-content\/uploads\/sites\/4\/2025\/12\/chateau-savoie-420x313.jpg 420w, https:\/\/gotour.be\/multi\/classedeneige\/wp-content\/uploads\/sites\/4\/2025\/12\/chateau-savoie-540x402.jpg 540w, https:\/\/gotour.be\/multi\/classedeneige\/wp-content\/uploads\/sites\/4\/2025\/12\/chateau-savoie.jpg 563w\" sizes=\"(max-width: 300px) 100vw, 300px\" \/><\/p>\n<p>[\/vc_toggle][vc_toggle title=\u00a0\u00bbVisite du Fort de Bard\u00a0\u00bb]<\/p>\n<p style=\"text-align: center;\">Le fort a \u00e9t\u00e9 r\u00e9am\u00e9nag\u00e9 en espaces didactiques sur le th\u00e8me des Alpes.Superbe mus\u00e9e\u00a0<a href=\"http:\/\/www.fortedibard.it\/fr\/\">www.fortedibard.it\/fr\/<\/a><\/p>\n<p><img decoding=\"async\" loading=\"lazy\" class=\"size-medium wp-image-5642 aligncenter\" src=\"http:\/\/gotour.be\/multi\/classedeneige\/wp-content\/uploads\/sites\/4\/2022\/06\/55497-300x221.jpeg\" alt=\"\" width=\"300\" height=\"221\" srcset=\"https:\/\/gotour.be\/multi\/classedeneige\/wp-content\/uploads\/sites\/4\/2022\/06\/55497-300x221.jpeg 300w, https:\/\/gotour.be\/multi\/classedeneige\/wp-content\/uploads\/sites\/4\/2022\/06\/55497.jpeg 397w\" sizes=\"(max-width: 300px) 100vw, 300px\" \/><\/p>\n<p>[\/vc_toggle][vc_toggle title=\u00a0\u00bbPatinoire naturelle\u00a0\u00bb]<img decoding=\"async\" loading=\"lazy\" class=\"alignnone size-medium wp-image-9769\" src=\"http:\/\/gotour.be\/multi\/classedeneige\/wp-content\/uploads\/sites\/4\/2025\/12\/patinoire-naturelle-300x207.jpg\" alt=\"\" width=\"300\" height=\"207\" srcset=\"https:\/\/gotour.be\/multi\/classedeneige\/wp-content\/uploads\/sites\/4\/2025\/12\/patinoire-naturelle-300x207.jpg 300w, https:\/\/gotour.be\/multi\/classedeneige\/wp-content\/uploads\/sites\/4\/2025\/12\/patinoire-naturelle-420x290.jpg 420w, https:\/\/gotour.be\/multi\/classedeneige\/wp-content\/uploads\/sites\/4\/2025\/12\/patinoire-naturelle-540x373.jpg 540w, https:\/\/gotour.be\/multi\/classedeneige\/wp-content\/uploads\/sites\/4\/2025\/12\/patinoire-naturelle.jpg 601w\" sizes=\"(max-width: 300px) 100vw, 300px\" \/>[\/vc_toggle][vc_toggle title=\u00a0\u00bbBou\u00e9e sur neige\u00a0\u00bb]<img decoding=\"async\" loading=\"lazy\" class=\"alignnone size-full wp-image-9770\" src=\"http:\/\/gotour.be\/multi\/classedeneige\/wp-content\/uploads\/sites\/4\/2025\/12\/bouee-sur-neige.jpg\" alt=\"\" width=\"233\" height=\"180\" \/>[\/vc_toggle][vc_toggle title=\u00a0\u00bbVisite du village\u00a0\u00bb]<img decoding=\"async\" loading=\"lazy\" class=\"alignnone size-medium wp-image-9772\" src=\"http:\/\/gotour.be\/multi\/classedeneige\/wp-content\/uploads\/sites\/4\/2025\/12\/visite-village-gressoney-300x230.jpg\" alt=\"\" width=\"300\" height=\"230\" srcset=\"https:\/\/gotour.be\/multi\/classedeneige\/wp-content\/uploads\/sites\/4\/2025\/12\/visite-village-gressoney-300x230.jpg 300w, https:\/\/gotour.be\/multi\/classedeneige\/wp-content\/uploads\/sites\/4\/2025\/12\/visite-village-gressoney-420x322.jpg 420w, https:\/\/gotour.be\/multi\/classedeneige\/wp-content\/uploads\/sites\/4\/2025\/12\/visite-village-gressoney-540x414.jpg 540w, https:\/\/gotour.be\/multi\/classedeneige\/wp-content\/uploads\/sites\/4\/2025\/12\/visite-village-gressoney.jpg 648w\" sizes=\"(max-width: 300px) 100vw, 300px\" \/>[\/vc_toggle][vc_toggle title=\u00a0\u00bbCarabines laser et tir \u00e0 l\u2019arc\u00a0\u00bb]<\/p>\n<p style=\"text-align: left;\">Les enfants pourront notamment tirer avec des carabines laser.(absolument sans danger!)<\/p>\n<p><img decoding=\"async\" loading=\"lazy\" class=\"size-medium wp-image-5358 alignleft\" src=\"http:\/\/gotour.be\/multi\/classedeneige\/wp-content\/uploads\/sites\/4\/2021\/09\/CDN-46-300x225.jpeg\" alt=\"\" width=\"300\" height=\"225\" srcset=\"https:\/\/gotour.be\/multi\/classedeneige\/wp-content\/uploads\/sites\/4\/2021\/09\/CDN-46-300x225.jpeg 300w, https:\/\/gotour.be\/multi\/classedeneige\/wp-content\/uploads\/sites\/4\/2021\/09\/CDN-46-768x576.jpeg 768w, https:\/\/gotour.be\/multi\/classedeneige\/wp-content\/uploads\/sites\/4\/2021\/09\/CDN-46.jpeg 1024w\" sizes=\"(max-width: 300px) 100vw, 300px\" \/>[\/vc_toggle][\/vc_column][\/vc_row]<\/p>\n","protected":false},"excerpt":{"rendered":"<p>[vc_row css=\u00a0\u00bb.vc_custom_1656498875505{padding-bottom: 40px !important;}\u00a0\u00bb][vc_column][vc_column_text] Voici une liste des activit\u00e9s que nous proposons en dehors de l&rsquo;apprentissage du ski : [\/vc_column_text][\/vc_column][\/vc_row][vc_row][vc_column][vc_toggle title=\u00a0\u00bbCh\u00e2teau de Savoie\u00a0\u00bb] [\/vc_toggle][vc_toggle title=\u00a0\u00bbVisite du Fort de Bard\u00a0\u00bb] Le fort a \u00e9t\u00e9 r\u00e9am\u00e9nag\u00e9 en espaces didactiques sur le th\u00e8me [&hellip;]<\/p>\n","protected":false},"author":1,"featured_media":0,"parent":0,"menu_order":0,"comment_status":"closed","ping_status":"closed","template":"","meta":[],"_links":{"self":[{"href":"https:\/\/gotour.be\/multi\/classedeneige\/wp-json\/wp\/v2\/pages\/9764"}],"collection":[{"href":"https:\/\/gotour.be\/multi\/classedeneige\/wp-json\/wp\/v2\/pages"}],"about":[{"href":"https:\/\/gotour.be\/multi\/classedeneige\/wp-json\/wp\/v2\/types\/page"}],"author":[{"embeddable":true,"href":"https:\/\/gotour.be\/multi\/classedeneige\/wp-json\/wp\/v2\/users\/1"}],"replies":[{"embeddable":true,"href":"https:\/\/gotour.be\/multi\/classedeneige\/wp-json\/wp\/v2\/comments?post=9764"}],"version-history":[{"count":4,"href":"https:\/\/gotour.be\/multi\/classedeneige\/wp-json\/wp\/v2\/pages\/9764\/revisions"}],"predecessor-version":[{"id":9774,"href":"https:\/\/gotour.be\/multi\/classedeneige\/wp-json\/wp\/v2\/pages\/9764\/revisions\/9774"}],"wp:attachment":[{"href":"https:\/\/gotour.be\/multi\/classedeneige\/wp-json\/wp\/v2\/media?parent=9764"}],"curies":[{"name":"wp","href":"https:\/\/api.w.org\/{rel}","templated":true}]}}