{"id":9753,"date":"2025-12-29T14:31:43","date_gmt":"2025-12-29T13:31:43","guid":{"rendered":"https:\/\/gotour.be\/multi\/classedeneige\/?page_id=9753"},"modified":"2025-12-29T14:37:35","modified_gmt":"2025-12-29T13:37:35","slug":"le-ski-a-gressoney-saint-jean","status":"publish","type":"page","link":"https:\/\/gotour.be\/multi\/classedeneige\/le-ski-a-gressoney-saint-jean\/","title":{"rendered":"Le Ski \u00e0 Gressoney-Saint-Jean"},"content":{"rendered":"<p>[vc_row][vc_column][vc_column_text]<\/p>\n<h4><strong>Le ski <\/strong><\/h4>\n<p>Les groupes de ski sont limit\u00e9s \u00e0 10\u201312 enfants maximum, afin de garantir un suivi personnalis\u00e9 et une progression optimale.<\/p>\n<p>Au programme : <strong>16 heures de cours de ski r\u00e9parties sur la semaine<\/strong>, pour conjuguer apprentissage technique et plaisir de la glisse. Les le\u00e7ons sont dispens\u00e9es par des moniteurs <strong>ESI brevet\u00e9s, francophones, exp\u00e9riment\u00e9s et passionn\u00e9s<\/strong>.<\/p>\n<p>D\u00e9butants ou skieurs confirm\u00e9s, chacun progresse \u00e0 son rythme, en toute s\u00e9curit\u00e9.<\/p>\n<p>Le domaine skiable offre une grande vari\u00e9t\u00e9 : pistes vertes, bleues, rouges, noires, dans un magnifique domaine forestier.<\/p>\n<p>Le mat\u00e9riel fourni est de qualit\u00e9 : skis paraboliques, casques\u2026 tout est pens\u00e9 pour que chaque enfant profite pleinement de ses cours dans les meilleures conditions.<\/p>\n<p>En fin de semaine, un <strong>slalom chronom\u00e9tr\u00e9<\/strong> est organis\u00e9, suivi de la remise d\u2019un <strong>brevet et d\u2019un souvenir<\/strong> \u00e0 chaque enfant, pour c\u00e9l\u00e9brer leurs progr\u00e8s et garder un merveilleux souvenir de la semaine.[\/vc_column_text][vc_empty_space][\/vc_column][\/vc_row][vc_row][vc_column][vc_masonry_media_grid grid_id=\u00a0\u00bbvc_gid:1767015135288-583407a4-5741-1&Prime; include=\u00a0\u00bb9755,9756,9757,9758,9759&Prime;][\/vc_column][\/vc_row]<\/p>\n","protected":false},"excerpt":{"rendered":"<p>[vc_row][vc_column][vc_column_text] Le ski Les groupes de ski sont limit\u00e9s \u00e0 10\u201312 enfants maximum, afin de garantir un suivi personnalis\u00e9 et une progression optimale. Au programme : 16 heures de cours de ski r\u00e9parties sur la semaine, pour conjuguer apprentissage technique [&hellip;]<\/p>\n","protected":false},"author":1,"featured_media":0,"parent":0,"menu_order":0,"comment_status":"closed","ping_status":"closed","template":"","meta":[],"_links":{"self":[{"href":"https:\/\/gotour.be\/multi\/classedeneige\/wp-json\/wp\/v2\/pages\/9753"}],"collection":[{"href":"https:\/\/gotour.be\/multi\/classedeneige\/wp-json\/wp\/v2\/pages"}],"about":[{"href":"https:\/\/gotour.be\/multi\/classedeneige\/wp-json\/wp\/v2\/types\/page"}],"author":[{"embeddable":true,"href":"https:\/\/gotour.be\/multi\/classedeneige\/wp-json\/wp\/v2\/users\/1"}],"replies":[{"embeddable":true,"href":"https:\/\/gotour.be\/multi\/classedeneige\/wp-json\/wp\/v2\/comments?post=9753"}],"version-history":[{"count":2,"href":"https:\/\/gotour.be\/multi\/classedeneige\/wp-json\/wp\/v2\/pages\/9753\/revisions"}],"predecessor-version":[{"id":9760,"href":"https:\/\/gotour.be\/multi\/classedeneige\/wp-json\/wp\/v2\/pages\/9753\/revisions\/9760"}],"wp:attachment":[{"href":"https:\/\/gotour.be\/multi\/classedeneige\/wp-json\/wp\/v2\/media?parent=9753"}],"curies":[{"name":"wp","href":"https:\/\/api.w.org\/{rel}","templated":true}]}}