{"id":9735,"date":"2025-12-29T14:17:06","date_gmt":"2025-12-29T13:17:06","guid":{"rendered":"https:\/\/gotour.be\/multi\/classedeneige\/?page_id=9735"},"modified":"2025-12-29T14:31:00","modified_gmt":"2025-12-29T13:31:00","slug":"hebergements-gressoney-saint-jean","status":"publish","type":"page","link":"https:\/\/gotour.be\/multi\/classedeneige\/hebergements-gressoney-saint-jean\/","title":{"rendered":"H\u00e9bergements Gressoney-Saint-Jean"},"content":{"rendered":"<p>[vc_row][vc_column][vc_column_text]<\/p>\n<h2>Casa Alpina Gino Pistoni<\/h2>\n<p>La <strong>Casa Alpina Gino Pistoni<\/strong> est une maison de montagne id\u00e9ale pour les groupes scolaires et les familles, pouvant accueillir <strong>environ 90 personnes<\/strong><strong>.<\/strong> Elle propose des chambres individuelles et collectives poss\u00e9dant leur propre sanitaire, des espaces de jeux, des salles polyvalentes, des espaces communs conviviaux, un grand restaurant, ainsi qu\u2019une chapelle. L\u2019\u00e9tablissement offre un acc\u00e8s facile au ski et aux activit\u00e9s de montagne.<\/p>\n<p>Situ\u00e9e \u00e0 <strong>10 minutes \u00e0 pied du centre du village<\/strong> et \u00e0 proximit\u00e9 des remont\u00e9es m\u00e9caniques (2 km en car), la Casa Alpina permet de profiter pleinement du domaine skiable de Gressoney-Saint-Jean et des magnifiques paysages alpins. Un lieu parfait pour allie<strong>r confort simple, convivialit\u00e9 et s\u00e9jours actifs en montagne.<\/strong><\/p>\n<p>L\u2019\u00e9tablissement met \u00e9galement \u00e0 disposition un parking priv\u00e9 ainsi qu&rsquo;un emplacement d\u00e9di\u00e9 aux autocars.<\/p>\n<p>[\/vc_column_text][\/vc_column][\/vc_row][vc_row][vc_column width=\u00a0\u00bb1\/3&Prime;][vc_single_image image=\u00a0\u00bb9743&Prime; img_size=\u00a0\u00bbfull\u00a0\u00bb][\/vc_column][vc_column width=\u00a0\u00bb1\/3&Prime;][vc_single_image image=\u00a0\u00bb9742&Prime; img_size=\u00a0\u00bbfull\u00a0\u00bb][\/vc_column][vc_column width=\u00a0\u00bb1\/3&Prime;][vc_single_image image=\u00a0\u00bb9741&Prime; img_size=\u00a0\u00bbfull\u00a0\u00bb][\/vc_column][\/vc_row][vc_row][vc_column width=\u00a0\u00bb1\/3&Prime;][vc_single_image image=\u00a0\u00bb9740&Prime; img_size=\u00a0\u00bbfull\u00a0\u00bb][\/vc_column][vc_column width=\u00a0\u00bb1\/3&Prime;][vc_single_image image=\u00a0\u00bb9739&Prime; img_size=\u00a0\u00bbfull\u00a0\u00bb][\/vc_column][vc_column width=\u00a0\u00bb1\/3&Prime;][vc_single_image image=\u00a0\u00bb9738&Prime; img_size=\u00a0\u00bbfull\u00a0\u00bb][\/vc_column][\/vc_row]<\/p>\n","protected":false},"excerpt":{"rendered":"<p>[vc_row][vc_column][vc_column_text] Casa Alpina Gino Pistoni La Casa Alpina Gino Pistoni est une maison de montagne id\u00e9ale pour les groupes scolaires et les familles, pouvant accueillir environ 90 personnes. Elle propose des chambres individuelles et collectives poss\u00e9dant leur propre sanitaire, des [&hellip;]<\/p>\n","protected":false},"author":1,"featured_media":0,"parent":0,"menu_order":0,"comment_status":"closed","ping_status":"closed","template":"","meta":[],"_links":{"self":[{"href":"https:\/\/gotour.be\/multi\/classedeneige\/wp-json\/wp\/v2\/pages\/9735"}],"collection":[{"href":"https:\/\/gotour.be\/multi\/classedeneige\/wp-json\/wp\/v2\/pages"}],"about":[{"href":"https:\/\/gotour.be\/multi\/classedeneige\/wp-json\/wp\/v2\/types\/page"}],"author":[{"embeddable":true,"href":"https:\/\/gotour.be\/multi\/classedeneige\/wp-json\/wp\/v2\/users\/1"}],"replies":[{"embeddable":true,"href":"https:\/\/gotour.be\/multi\/classedeneige\/wp-json\/wp\/v2\/comments?post=9735"}],"version-history":[{"count":9,"href":"https:\/\/gotour.be\/multi\/classedeneige\/wp-json\/wp\/v2\/pages\/9735\/revisions"}],"predecessor-version":[{"id":9751,"href":"https:\/\/gotour.be\/multi\/classedeneige\/wp-json\/wp\/v2\/pages\/9735\/revisions\/9751"}],"wp:attachment":[{"href":"https:\/\/gotour.be\/multi\/classedeneige\/wp-json\/wp\/v2\/media?parent=9735"}],"curies":[{"name":"wp","href":"https:\/\/api.w.org\/{rel}","templated":true}]}}