{"id":9665,"date":"2025-12-29T09:03:33","date_gmt":"2025-12-29T08:03:33","guid":{"rendered":"https:\/\/gotour.be\/multi\/classedeneige\/?page_id=9665"},"modified":"2025-12-29T14:07:56","modified_gmt":"2025-12-29T13:07:56","slug":"destination-torgnon","status":"publish","type":"page","link":"https:\/\/gotour.be\/multi\/classedeneige\/destination-torgnon\/","title":{"rendered":"Destination Torgnon"},"content":{"rendered":"<p>[vc_row][vc_column][vc_column_text]<\/p>\n<h4><strong>Destination Torgnon<\/strong><\/h4>\n<p>Nich\u00e9 \u00e0 1 500 m\u00e8tres d\u2019altitude, le charmant village de Torgnon est une station de montagne authentique situ\u00e9e dans le Val d\u2019Aoste, en Italie. R\u00e9put\u00e9 pour son cadre naturel pr\u00e9serv\u00e9, son ensoleillement exceptionnel et son ambiance familiale, Torgnon offre un environnement id\u00e9al pour les classes de neige. Sa proximit\u00e9 avec le mythique Mont Cervin permet aux enfants de d\u00e9couvrir l\u2019un des sommets les plus embl\u00e9matiques des Alpes, tout en \u00e9voluant dans un cadre s\u00e9curis\u00e9 et parfaitement adapt\u00e9 \u00e0 l\u2019apprentissage, aux activit\u00e9s sportives et aux moments de convivialit\u00e9.[\/vc_column_text][vc_empty_space][\/vc_column][\/vc_row][vc_row][vc_column width=\u00a0\u00bb1\/3&Prime;][vc_single_image image=\u00a0\u00bb9668&Prime; img_size=\u00a0\u00bbfull\u00a0\u00bb][\/vc_column][vc_column width=\u00a0\u00bb1\/3&Prime;][vc_single_image image=\u00a0\u00bb9674&Prime; img_size=\u00a0\u00bbfull\u00a0\u00bb][\/vc_column][vc_column width=\u00a0\u00bb1\/3&Prime;][vc_single_image image=\u00a0\u00bb9667&Prime; img_size=\u00a0\u00bbfull\u00a0\u00bb][\/vc_column][\/vc_row]<\/p>\n","protected":false},"excerpt":{"rendered":"<p>[vc_row][vc_column][vc_column_text] Destination Torgnon Nich\u00e9 \u00e0 1 500 m\u00e8tres d\u2019altitude, le charmant village de Torgnon est une station de montagne authentique situ\u00e9e dans le Val d\u2019Aoste, en Italie. R\u00e9put\u00e9 pour son cadre naturel pr\u00e9serv\u00e9, son ensoleillement exceptionnel et son ambiance familiale, [&hellip;]<\/p>\n","protected":false},"author":1,"featured_media":0,"parent":0,"menu_order":0,"comment_status":"closed","ping_status":"closed","template":"","meta":[],"_links":{"self":[{"href":"https:\/\/gotour.be\/multi\/classedeneige\/wp-json\/wp\/v2\/pages\/9665"}],"collection":[{"href":"https:\/\/gotour.be\/multi\/classedeneige\/wp-json\/wp\/v2\/pages"}],"about":[{"href":"https:\/\/gotour.be\/multi\/classedeneige\/wp-json\/wp\/v2\/types\/page"}],"author":[{"embeddable":true,"href":"https:\/\/gotour.be\/multi\/classedeneige\/wp-json\/wp\/v2\/users\/1"}],"replies":[{"embeddable":true,"href":"https:\/\/gotour.be\/multi\/classedeneige\/wp-json\/wp\/v2\/comments?post=9665"}],"version-history":[{"count":10,"href":"https:\/\/gotour.be\/multi\/classedeneige\/wp-json\/wp\/v2\/pages\/9665\/revisions"}],"predecessor-version":[{"id":9722,"href":"https:\/\/gotour.be\/multi\/classedeneige\/wp-json\/wp\/v2\/pages\/9665\/revisions\/9722"}],"wp:attachment":[{"href":"https:\/\/gotour.be\/multi\/classedeneige\/wp-json\/wp\/v2\/media?parent=9665"}],"curies":[{"name":"wp","href":"https:\/\/api.w.org\/{rel}","templated":true}]}}