{"id":5311,"date":"2021-09-21T21:31:21","date_gmt":"2021-09-21T19:31:21","guid":{"rendered":"http:\/\/gotour.be\/multi\/classedeneige\/?page_id=5311"},"modified":"2022-08-22T14:22:43","modified_gmt":"2022-08-22T12:22:43","slug":"dossier-pedagogique","status":"publish","type":"page","link":"https:\/\/gotour.be\/multi\/classedeneige\/dossier-pedagogique\/","title":{"rendered":"Dossier p\u00e9dagogique"},"content":{"rendered":"\n<p>Un dossier p\u00e9dagogique complet est mis \u00e0 la disposition des enseignants&#8230; Ceux-ci y trouveront tous les renseignements n\u00e9cessaires \u00e0 la pr\u00e9paration p\u00e9dagogique et logistique du s\u00e9jour.<\/p>\n\n\n\n<p>Vous recevrez \u00e9galement un vademecum complet. Celui-ci reprend toutes les informations n\u00e9cessaires \u00e0 la pr\u00e9paration du s\u00e9jour.<\/p>\n","protected":false},"excerpt":{"rendered":"<p>Un dossier p\u00e9dagogique complet est mis \u00e0 la disposition des enseignants&#8230; Ceux-ci y trouveront tous les renseignements n\u00e9cessaires \u00e0 la pr\u00e9paration p\u00e9dagogique et logistique du s\u00e9jour. Vous recevrez \u00e9galement un vademecum complet. Celui-ci reprend toutes les informations n\u00e9cessaires \u00e0 la [&hellip;]<\/p>\n","protected":false},"author":1,"featured_media":0,"parent":0,"menu_order":0,"comment_status":"closed","ping_status":"closed","template":"","meta":[],"_links":{"self":[{"href":"https:\/\/gotour.be\/multi\/classedeneige\/wp-json\/wp\/v2\/pages\/5311"}],"collection":[{"href":"https:\/\/gotour.be\/multi\/classedeneige\/wp-json\/wp\/v2\/pages"}],"about":[{"href":"https:\/\/gotour.be\/multi\/classedeneige\/wp-json\/wp\/v2\/types\/page"}],"author":[{"embeddable":true,"href":"https:\/\/gotour.be\/multi\/classedeneige\/wp-json\/wp\/v2\/users\/1"}],"replies":[{"embeddable":true,"href":"https:\/\/gotour.be\/multi\/classedeneige\/wp-json\/wp\/v2\/comments?post=5311"}],"version-history":[{"count":2,"href":"https:\/\/gotour.be\/multi\/classedeneige\/wp-json\/wp\/v2\/pages\/5311\/revisions"}],"predecessor-version":[{"id":5677,"href":"https:\/\/gotour.be\/multi\/classedeneige\/wp-json\/wp\/v2\/pages\/5311\/revisions\/5677"}],"wp:attachment":[{"href":"https:\/\/gotour.be\/multi\/classedeneige\/wp-json\/wp\/v2\/media?parent=5311"}],"curies":[{"name":"wp","href":"https:\/\/api.w.org\/{rel}","templated":true}]}}