{"id":5305,"date":"2021-09-21T21:28:45","date_gmt":"2021-09-21T19:28:45","guid":{"rendered":"http:\/\/gotour.be\/multi\/classedeneige\/?page_id=5305"},"modified":"2025-12-29T09:39:07","modified_gmt":"2025-12-29T08:39:07","slug":"le-ski-torgnon","status":"publish","type":"page","link":"https:\/\/gotour.be\/multi\/classedeneige\/le-ski-torgnon\/","title":{"rendered":"Le Ski \u00e0 Torgnon"},"content":{"rendered":"<p>[vc_row][vc_column][vc_column_text]<strong>Un encadrement de qualit\u00e9 pour un s\u00e9jour inoubliable sur les pistes !<\/strong><\/p>\n<p>Les groupes de ski sont limit\u00e9s \u00e0 <strong>10 \u00e0 12 enfants<\/strong> maximum, afin de garantir un suivi personnalis\u00e9 et une progression optimale.<\/p>\n<p>Au programme : <strong>17 heures de cours de ski<\/strong>, r\u00e9parties sur la semaine, pour allier apprentissage technique et plaisir de la glisse. Les le\u00e7ons sont assur\u00e9es <strong>exclusivement par des moniteurs ESI brevet\u00e9s<\/strong>, francophones, exp\u00e9riment\u00e9s et passionn\u00e9s.<\/p>\n<p><strong>D\u00e9butants ou skieurs confirm\u00e9s<\/strong>, chacun progresse \u00e0 son rythme, en toute s\u00e9curit\u00e9.<\/p>\n<p>Le domaine skiable est vari\u00e9 : <strong>pistes vertes, bleues, rouges, noires<\/strong>, et m\u00eame des zones de <strong>hors-piste s\u00e9curis\u00e9 dans les sapins<\/strong> pour les plus t\u00e9m\u00e9raires.<\/p>\n<p>Le mat\u00e9riel fourni est de qualit\u00e9 : <strong>skis paraboliques, casques<\/strong>, tout est pens\u00e9 pour skier dans les meilleures conditions.<\/p>\n<p>Le s\u00e9jour comprend \u00e9galement des activit\u00e9s hors-ski : <strong>balades en montagne<\/strong>, <strong>initiation au ski de fond<\/strong>, et bien plus.<\/p>\n<p>En fin de semaine, un <strong>slalom chronom\u00e9tr\u00e9<\/strong> est organis\u00e9, suivi de la remise d\u2019un <strong>brevet et d\u2019un souvenir<\/strong> \u00e0 chaque enfant.[\/vc_column_text][vc_empty_space][\/vc_column][\/vc_row][vc_row][vc_column][vc_masonry_media_grid grid_id=\u00a0\u00bbvc_gid:1756819945038-2e5a9131-2122-6&Prime; include=\u00a0\u00bb5561,5345,5346,5349,5350&Prime;][\/vc_column][\/vc_row]<\/p>\n","protected":false},"excerpt":{"rendered":"<p>[vc_row][vc_column][vc_column_text]Un encadrement de qualit\u00e9 pour un s\u00e9jour inoubliable sur les pistes ! Les groupes de ski sont limit\u00e9s \u00e0 10 \u00e0 12 enfants maximum, afin de garantir un suivi personnalis\u00e9 et une progression optimale. Au programme : 17 heures de [&hellip;]<\/p>\n","protected":false},"author":1,"featured_media":0,"parent":0,"menu_order":0,"comment_status":"closed","ping_status":"closed","template":"","meta":[],"_links":{"self":[{"href":"https:\/\/gotour.be\/multi\/classedeneige\/wp-json\/wp\/v2\/pages\/5305"}],"collection":[{"href":"https:\/\/gotour.be\/multi\/classedeneige\/wp-json\/wp\/v2\/pages"}],"about":[{"href":"https:\/\/gotour.be\/multi\/classedeneige\/wp-json\/wp\/v2\/types\/page"}],"author":[{"embeddable":true,"href":"https:\/\/gotour.be\/multi\/classedeneige\/wp-json\/wp\/v2\/users\/1"}],"replies":[{"embeddable":true,"href":"https:\/\/gotour.be\/multi\/classedeneige\/wp-json\/wp\/v2\/comments?post=5305"}],"version-history":[{"count":12,"href":"https:\/\/gotour.be\/multi\/classedeneige\/wp-json\/wp\/v2\/pages\/5305\/revisions"}],"predecessor-version":[{"id":9704,"href":"https:\/\/gotour.be\/multi\/classedeneige\/wp-json\/wp\/v2\/pages\/5305\/revisions\/9704"}],"wp:attachment":[{"href":"https:\/\/gotour.be\/multi\/classedeneige\/wp-json\/wp\/v2\/media?parent=5305"}],"curies":[{"name":"wp","href":"https:\/\/api.w.org\/{rel}","templated":true}]}}