{"id":5301,"date":"2021-09-21T21:27:08","date_gmt":"2021-09-21T19:27:08","guid":{"rendered":"http:\/\/gotour.be\/multi\/classedeneige\/?page_id=5301"},"modified":"2025-12-29T09:19:39","modified_gmt":"2025-12-29T08:19:39","slug":"la-station-torgnon","status":"publish","type":"page","link":"https:\/\/gotour.be\/multi\/classedeneige\/la-station-torgnon\/","title":{"rendered":"La station de Torgnon"},"content":{"rendered":"<p>[vc_row][vc_column][vc_column_text]<\/p>\n<p>La station de ski de Torgnon est une station \u00e0 taille humaine, id\u00e9ale pour l\u2019apprentissage et la progression des jeunes skieurs. Son domaine skiable, ensoleill\u00e9 et s\u00e9curis\u00e9, offre un point de d\u00e9part situ\u00e9 \u00e0 environ <strong>1 800 m\u00e8tres d\u2019altitude<\/strong>, avec la possibilit\u00e9 de skier jusqu\u2019\u00e0 pr\u00e8s de <strong>2 300 m\u00e8tres<\/strong>. Les pistes sont adapt\u00e9es \u00e0 tous les niveaux, en particulier aux d\u00e9butants et interm\u00e9diaires. Gr\u00e2ce \u00e0 ses infrastructures modernes, \u00e0 ses espaces ludiques et \u00e0 son environnement naturel pr\u00e9serv\u00e9, Torgnon r\u00e9unit toutes les conditions pour une pratique du ski agr\u00e9able, rassurante et propice \u00e0 la d\u00e9couverte de la montagne.<\/p>\n<p>[\/vc_column_text][vc_empty_space][\/vc_column][\/vc_row][vc_row][vc_column width=\u00a0\u00bb1\/3&Prime;][vc_single_image image=\u00a0\u00bb9680&Prime; img_size=\u00a0\u00bbfull\u00a0\u00bb][\/vc_column][vc_column width=\u00a0\u00bb1\/3&Prime;][vc_single_image image=\u00a0\u00bb9679&Prime; img_size=\u00a0\u00bbfull\u00a0\u00bb][\/vc_column][vc_column width=\u00a0\u00bb1\/3&Prime;][vc_single_image image=\u00a0\u00bb9678&Prime; img_size=\u00a0\u00bbfull\u00a0\u00bb][\/vc_column][\/vc_row]<\/p>\n","protected":false},"excerpt":{"rendered":"<p>[vc_row][vc_column][vc_column_text] La station de ski de Torgnon est une station \u00e0 taille humaine, id\u00e9ale pour l\u2019apprentissage et la progression des jeunes skieurs. Son domaine skiable, ensoleill\u00e9 et s\u00e9curis\u00e9, offre un point de d\u00e9part situ\u00e9 \u00e0 environ 1 800 m\u00e8tres d\u2019altitude, [&hellip;]<\/p>\n","protected":false},"author":1,"featured_media":0,"parent":0,"menu_order":0,"comment_status":"closed","ping_status":"closed","template":"","meta":[],"_links":{"self":[{"href":"https:\/\/gotour.be\/multi\/classedeneige\/wp-json\/wp\/v2\/pages\/5301"}],"collection":[{"href":"https:\/\/gotour.be\/multi\/classedeneige\/wp-json\/wp\/v2\/pages"}],"about":[{"href":"https:\/\/gotour.be\/multi\/classedeneige\/wp-json\/wp\/v2\/types\/page"}],"author":[{"embeddable":true,"href":"https:\/\/gotour.be\/multi\/classedeneige\/wp-json\/wp\/v2\/users\/1"}],"replies":[{"embeddable":true,"href":"https:\/\/gotour.be\/multi\/classedeneige\/wp-json\/wp\/v2\/comments?post=5301"}],"version-history":[{"count":6,"href":"https:\/\/gotour.be\/multi\/classedeneige\/wp-json\/wp\/v2\/pages\/5301\/revisions"}],"predecessor-version":[{"id":9683,"href":"https:\/\/gotour.be\/multi\/classedeneige\/wp-json\/wp\/v2\/pages\/5301\/revisions\/9683"}],"wp:attachment":[{"href":"https:\/\/gotour.be\/multi\/classedeneige\/wp-json\/wp\/v2\/media?parent=5301"}],"curies":[{"name":"wp","href":"https:\/\/api.w.org\/{rel}","templated":true}]}}