{"id":37,"date":"2018-09-06T12:07:21","date_gmt":"2018-09-06T12:07:21","guid":{"rendered":"http:\/\/setsail.select-themes.com\/?page_id=37"},"modified":"2025-12-29T14:51:25","modified_gmt":"2025-12-29T13:51:25","slug":"main-home","status":"publish","type":"page","link":"https:\/\/gotour.be\/multi\/classedeneige\/","title":{"rendered":"Accueil"},"content":{"rendered":"<p>[vc_row row_content_width=\u00a0\u00bbgrid\u00a0\u00bb content_text_aligment=\u00a0\u00bbcenter\u00a0\u00bb css=\u00a0\u00bb.vc_custom_1540212068471{margin-top: 106px !important;}\u00a0\u00bb][vc_column offset=\u00a0\u00bbvc_col-lg-offset-3 vc_col-lg-6 vc_col-md-offset-1 vc_col-md-10&Prime;]<div class=\"qodef-section-title-holder \" >\n\t<div class=\"qodef-st-inner\">\n\t\t\t\t\t<span class=\"qodef-st-tagline\" style=\"margin-bottom: -6px\">\n\t\t\t\tLa meilleure solution pour vos\t\t\t<\/span>\n\t\t\t\t\t\t\t<h1 class=\"qodef-st-title\" >\n\t\t\t\tClasses de Neige\t\t\t<\/h1>\n\t\t\t\t\t\t\t<p class=\"qodef-st-text\" style=\"font-size: 17px;line-height: 28px\">\n\t\t\t\tL\u2019\u00e9quipe \u00ab classedeneige.be \u00bb est constitu\u00e9e d\u2019un savant m\u00e9lange d\u2019enseignants et de professionnels du tourisme.\nNous poss\u00e9dons plus de trente ann\u00e9es d\u2019exp\u00e9rience dans l\u2019organisation de s\u00e9jours p\u00e9dagogiques, de l\u2019excursion en Belgique au s\u00e9jour \u00e0 travers le monde.\nAu m\u00eame titre que \u00ab voyagerheto.be \u00bb et que \u00ab classedemontagne.be \u00bb, \u00ab classedeneige.be \u00bb est une marque de l\u2019agence de voyage GOtour, agence belge reconnue par la r\u00e9gion wallonne.\nNous sommes \u00e9galement membre de l'UPAV et de la BTA.\nNous proposons exclusivement des s\u00e9jours scolaires (classe de neige, classe de montagne, voyage rh\u00e9to, classe verte). Nos voyages sont donc pr\u00e9par\u00e9s avec passion PAR des enseignants POUR des enseignants.\nNotre volont\u00e9 est de pr\u00e9parer un s\u00e9jour qui correspond au mieux aux attentes des \u00e9l\u00e8ves et des enseignants. L\u2019approche p\u00e9dagogique est donc toujours privil\u00e9gi\u00e9e.\nNotre objectif est d\u2019apprendre aux enfants le plaisir de la glisse, de leur communiquer la passion et le respect de la montagne.\nLa s\u00e9curit\u00e9 est notre souci permanent.\nNous travaillons en partenariat exclusif avec la superbe station de Torgnon, dans le Val d'Aoste en Italie.\t\t\t<\/p>\n\t\t\t<\/div>\n<\/div>[vc_empty_space height=\u00a0\u00bb62px\u00a0\u00bb][\/vc_column][\/vc_row][vc_row content_placement=\u00a0\u00bbmiddle\u00a0\u00bb content_text_aligment=\u00a0\u00bbcenter\u00a0\u00bb css=\u00a0\u00bb.vc_custom_1539766482430{padding-bottom: 86px !important;}\u00a0\u00bb][vc_column css=\u00a0\u00bb.vc_custom_1540977870937{margin-right: 30px !important;}\u00a0\u00bb]<div class=\"qodef-clients-carousel-holder qodef-cc-hover-hover-info qodef-cc-post-stamp-frame \">\n\t<div class=\"qodef-cc-inner qodef-owl-slider\" data-number-of-items=\"6\" data-slider-margin=\"10\" data-enable-loop=\"yes\" data-enable-autoplay=\"yes\" data-slider-speed=\"5000\" data-slider-speed-animation=\"600\" data-enable-navigation=\"yes\" data-enable-pagination=\"no\" data-enable-center=\"yes\">\n\t\t<div class=\"qodef-cc-item qodef-item-space qodef-cci-has-link\">\n\t\t\t<a itemprop=\"url\" class=\"qodef-cc-link qodef-block-drag-link\" href=\"#\" target=\"_self\">\n\t\t\t\t\t\t<img itemprop=\"image\" class=\"qodef-cc-image\" src=\"https:\/\/gotour.be\/multi\/classedeneige\/wp-content\/uploads\/sites\/4\/2021\/09\/torgnon-2010-017.jpeg\" alt=\"\" \/>\n\t\t\t\t\t\t\t\t\t<\/a>\n\t<\/div><div class=\"qodef-cc-item qodef-item-space qodef-cci-has-link\">\n\t\t\t<a itemprop=\"url\" class=\"qodef-cc-link qodef-block-drag-link\" href=\"#\" target=\"_self\">\n\t\t\t\t\t\t<img itemprop=\"image\" class=\"qodef-cc-image\" src=\"https:\/\/gotour.be\/multi\/classedeneige\/wp-content\/uploads\/sites\/4\/2021\/09\/fontaine_j1_002.jpeg\" alt=\"\" \/>\n\t\t\t\t\t\t\t\t\t<\/a>\n\t<\/div><div class=\"qodef-cc-item qodef-item-space qodef-cci-has-link\">\n\t\t\t<a itemprop=\"url\" class=\"qodef-cc-link qodef-block-drag-link\" href=\"#\" target=\"_self\">\n\t\t\t\t\t\t<img itemprop=\"image\" class=\"qodef-cc-image\" src=\"https:\/\/gotour.be\/multi\/classedeneige\/wp-content\/uploads\/sites\/4\/2021\/09\/CDN-17.jpeg\" alt=\"\" \/>\n\t\t\t\t\t\t\t\t\t<\/a>\n\t<\/div><div class=\"qodef-cc-item qodef-item-space qodef-cci-has-link\">\n\t\t\t<a itemprop=\"url\" class=\"qodef-cc-link qodef-block-drag-link\" href=\"#\" target=\"_self\">\n\t\t\t\t\t\t<img itemprop=\"image\" class=\"qodef-cc-image\" src=\"https:\/\/gotour.be\/multi\/classedeneige\/wp-content\/uploads\/sites\/4\/2021\/09\/CDN-10.jpeg\" alt=\"\" \/>\n\t\t\t\t\t\t\t\t\t<\/a>\n\t<\/div><div class=\"qodef-cc-item qodef-item-space qodef-cci-has-link\">\n\t\t\t<a itemprop=\"url\" class=\"qodef-cc-link qodef-block-drag-link\" href=\"#\" target=\"_self\">\n\t\t\t\t\t\t<img itemprop=\"image\" class=\"qodef-cc-image\" src=\"https:\/\/gotour.be\/multi\/classedeneige\/wp-content\/uploads\/sites\/4\/2021\/09\/CDN-35.jpeg\" alt=\"\" \/>\n\t\t\t\t\t\t\t\t\t<\/a>\n\t<\/div><div class=\"qodef-cc-item qodef-item-space qodef-cci-has-link\">\n\t\t\t<a itemprop=\"url\" class=\"qodef-cc-link qodef-block-drag-link\" href=\"#\" target=\"_self\">\n\t\t\t\t\t\t<img itemprop=\"image\" class=\"qodef-cc-image\" src=\"https:\/\/gotour.be\/multi\/classedeneige\/wp-content\/uploads\/sites\/4\/2021\/09\/CDN-14.jpeg\" alt=\"\" \/>\n\t\t\t\t\t\t\t\t\t<\/a>\n\t<\/div><div class=\"qodef-cc-item qodef-item-space qodef-cci-has-link\">\n\t\t\t<a itemprop=\"url\" class=\"qodef-cc-link qodef-block-drag-link\" href=\"#\" target=\"_self\">\n\t\t\t\t\t\t<img itemprop=\"image\" class=\"qodef-cc-image\" src=\"https:\/\/gotour.be\/multi\/classedeneige\/wp-content\/uploads\/sites\/4\/2021\/09\/CDN-6.jpeg\" alt=\"\" \/>\n\t\t\t\t\t\t\t\t\t<\/a>\n\t<\/div><div class=\"qodef-cc-item qodef-item-space qodef-cci-has-link\">\n\t\t\t<a itemprop=\"url\" class=\"qodef-cc-link qodef-block-drag-link\" href=\"#\" target=\"_self\">\n\t\t\t\t\t\t<img itemprop=\"image\" class=\"qodef-cc-image\" src=\"https:\/\/gotour.be\/multi\/classedeneige\/wp-content\/uploads\/sites\/4\/2021\/09\/CDN-15.jpeg\" alt=\"\" \/>\n\t\t\t\t\t\t\t\t\t<\/a>\n\t<\/div>\t<\/div>\n<\/div>[\/vc_column][\/vc_row][vc_row content_placement=\u00a0\u00bbbottom\u00a0\u00bb disable_element=\u00a0\u00bbyes\u00a0\u00bb row_content_width=\u00a0\u00bbgrid\u00a0\u00bb disable_background_image=\u00a0\u00bb\u00a0\u00bb content_text_aligment=\u00a0\u00bbcenter\u00a0\u00bb simple_background_image=\u00a0\u00bb115&Prime; parallax_background_image=\u00a0\u00bb5343&Prime;][vc_column][vc_row_inner][vc_column_inner]<div class=\"qodef-elements-holder   qodef-one-column  qodef-responsive-mode-768 \" ><div class=\"qodef-eh-item    \"  data-item-class=\"qodef-eh-custom-8761\" data-1367-1600=\"106px 345px 151px\" data-1025-1366=\"106px 250px 151px\" data-769-1024=\"106px 80px 139px\" data-681-768=\"106px 0 260px 0\" data-680=\"106px 0 117px 0\">\n\t<div class=\"qodef-eh-item-inner\">\n\t\t<div class=\"qodef-eh-item-content qodef-eh-custom-8761\" style=\"padding: 106px 345px 451px\">\n\t\t\t<div class=\"qodef-section-title-holder \" >\n\t<div class=\"qodef-st-inner\">\n\t\t\t\t\t<span class=\"qodef-st-tagline\" style=\"color: #ffffff;margin-bottom: -6px\">\n\t\t\t\tLe pays du soleil\t\t\t<\/span>\n\t\t\t\t\t\t\t<h1 class=\"qodef-st-title\" style=\"color: #ffffff\">\n\t\t\t\tTorgnon\t\t\t<\/h1>\n\t\t\t\t\t\t\t<p class=\"qodef-st-text\" style=\"color: #23a7e0;font-size: 17px;line-height: 28px\">\n\t\t\t\tTorgnon est un village de montagne typique baign\u00e9 par le soleil 300 jours par an. L'enneigement y est garanti de d\u00e9cembre \u00e0 avril. Les conditions y sont parfaites pour l'apprentissage du ski en hiver (classe de neige) mais \u00e9galement pour les randonn\u00e9es et les activit\u00e9s le reste de l'ann\u00e9e (classe de montagne).\t\t\t<\/p>\n\t\t\t<\/div>\n<\/div>[vc_empty_space height=\u00a0\u00bb42px\u00a0\u00bb]\t\t<\/div>\n\t<\/div>\n<\/div><\/div>[\/vc_column_inner][\/vc_row_inner][\/vc_column][\/vc_row][vc_row row_content_width=\u00a0\u00bbgrid\u00a0\u00bb content_text_aligment=\u00a0\u00bbcenter\u00a0\u00bb css=\u00a0\u00bb.vc_custom_1539684091316{padding-top: 86px !important;}\u00a0\u00bb][vc_column offset=\u00a0\u00bbvc_col-lg-offset-3 vc_col-lg-6 vc_col-md-offset-1 vc_col-md-10&Prime;]<div class=\"qodef-section-title-holder \" >\n\t<div class=\"qodef-st-inner\">\n\t\t\t\t\t<span class=\"qodef-st-tagline\" style=\"margin-bottom: -6px\">\n\t\t\t\tUn voyage\t\t\t<\/span>\n\t\t\t\t\t\t\t<h1 class=\"qodef-st-title\" >\n\t\t\t\tTout compris\t\t\t<\/h1>\n\t\t\t\t\t<\/div>\n<\/div>[vc_empty_space][\/vc_column][\/vc_row]<\/p>\n","protected":false},"excerpt":{"rendered":"<p>[vc_row row_content_width=\u00a0\u00bbgrid\u00a0\u00bb content_text_aligment=\u00a0\u00bbcenter\u00a0\u00bb css=\u00a0\u00bb.vc_custom_1540212068471{margin-top: 106px !important;}\u00a0\u00bb][vc_column offset=\u00a0\u00bbvc_col-lg-offset-3 vc_col-lg-6 vc_col-md-offset-1 vc_col-md-10&Prime;][vc_empty_space height=\u00a0\u00bb62px\u00a0\u00bb][\/vc_column][\/vc_row][vc_row content_placement=\u00a0\u00bbmiddle\u00a0\u00bb content_text_aligment=\u00a0\u00bbcenter\u00a0\u00bb css=\u00a0\u00bb.vc_custom_1539766482430{padding-bottom: 86px !important;}\u00a0\u00bb][vc_column css=\u00a0\u00bb.vc_custom_1540977870937{margin-right: 30px !important;}\u00a0\u00bb][\/vc_column][\/vc_row][vc_row content_placement=\u00a0\u00bbbottom\u00a0\u00bb disable_element=\u00a0\u00bbyes\u00a0\u00bb row_content_width=\u00a0\u00bbgrid\u00a0\u00bb disable_background_image=\u00a0\u00bb\u00a0\u00bb content_text_aligment=\u00a0\u00bbcenter\u00a0\u00bb simple_background_image=\u00a0\u00bb115&Prime; parallax_background_image=\u00a0\u00bb5343&Prime;][vc_column][vc_row_inner][vc_column_inner][\/vc_column_inner][\/vc_row_inner][\/vc_column][\/vc_row][vc_row row_content_width=\u00a0\u00bbgrid\u00a0\u00bb content_text_aligment=\u00a0\u00bbcenter\u00a0\u00bb css=\u00a0\u00bb.vc_custom_1539684091316{padding-top: 86px !important;}\u00a0\u00bb][vc_column offset=\u00a0\u00bbvc_col-lg-offset-3 vc_col-lg-6 vc_col-md-offset-1 vc_col-md-10&Prime;][vc_empty_space][\/vc_column][\/vc_row]<\/p>\n","protected":false},"author":1,"featured_media":0,"parent":0,"menu_order":0,"comment_status":"closed","ping_status":"closed","template":"full-width.php","meta":[],"_links":{"self":[{"href":"https:\/\/gotour.be\/multi\/classedeneige\/wp-json\/wp\/v2\/pages\/37"}],"collection":[{"href":"https:\/\/gotour.be\/multi\/classedeneige\/wp-json\/wp\/v2\/pages"}],"about":[{"href":"https:\/\/gotour.be\/multi\/classedeneige\/wp-json\/wp\/v2\/types\/page"}],"author":[{"embeddable":true,"href":"https:\/\/gotour.be\/multi\/classedeneige\/wp-json\/wp\/v2\/users\/1"}],"replies":[{"embeddable":true,"href":"https:\/\/gotour.be\/multi\/classedeneige\/wp-json\/wp\/v2\/comments?post=37"}],"version-history":[{"count":15,"href":"https:\/\/gotour.be\/multi\/classedeneige\/wp-json\/wp\/v2\/pages\/37\/revisions"}],"predecessor-version":[{"id":9776,"href":"https:\/\/gotour.be\/multi\/classedeneige\/wp-json\/wp\/v2\/pages\/37\/revisions\/9776"}],"wp:attachment":[{"href":"https:\/\/gotour.be\/multi\/classedeneige\/wp-json\/wp\/v2\/media?parent=37"}],"curies":[{"name":"wp","href":"https:\/\/api.w.org\/{rel}","templated":true}]}}