{"id":5332,"date":"2021-09-13T23:11:45","date_gmt":"2021-09-13T21:11:45","guid":{"rendered":"http:\/\/gotour.be\/multi\/classedemontagne\/?page_id=5332"},"modified":"2025-09-02T14:25:36","modified_gmt":"2025-09-02T12:25:36","slug":"transport","status":"publish","type":"page","link":"https:\/\/gotour.be\/multi\/classedemontagne\/transport\/","title":{"rendered":"Transport"},"content":{"rendered":"<p>[vc_row][vc_column][vc_column_text]<\/p>\r\n<p>Nous attachons une importance primordiale \u00e0 la qualit\u00e9 du transport.<\/p>\r\n\r\n<p>Afin de garantir au mieux la s\u00e9curit\u00e9 du voyage, nous travaillons toujours avec les m\u00eames compagnies de cars. Les chauffeurs (exp\u00e9riment\u00e9s) nous connaissent et r\u00e9ciproquement. Ils connaissent \u00e9galement nos destinations.<\/p>\r\n\r\n<p>\u2013 Autocar tout confort<br \/>\u2013 Vid\u00e9o, Toilettes<br \/>\u2013 2 chauffeurs<br \/>\u2013 Respect des normes de s\u00e9curit\u00e9<br \/>\u2013 Respect du temps de pause des chauffeurs<\/p>\r\n\r\n<p>&nbsp;<\/p>\r\n<p>[\/vc_column_text][\/vc_column][\/vc_row][vc_row][vc_column]<div class=\"qodef-image-gallery qodef-grid-list qodef-disable-bottom-space  qodef-ig-grid-type qodef-three-columns qodef-huge-space  \">\n\t<div class=\"qodef-ig-inner qodef-outer-space\">\n\t\t\t\t\t<div class=\"qodef-ig-image qodef-item-space\">\n\t\t\t\t<div class=\"qodef-ig-image-inner\">\n\t\t\t\t\t\t\t\t\t\t\t<img width=\"358\" height=\"268\" src=\"https:\/\/gotour.be\/multi\/classedemontagne\/wp-content\/uploads\/sites\/2\/2021\/09\/trans2.png\" class=\"attachment-full size-full\" alt=\"\" decoding=\"async\" loading=\"lazy\" srcset=\"https:\/\/gotour.be\/multi\/classedemontagne\/wp-content\/uploads\/sites\/2\/2021\/09\/trans2.png 358w, https:\/\/gotour.be\/multi\/classedemontagne\/wp-content\/uploads\/sites\/2\/2021\/09\/trans2-300x225.png 300w\" sizes=\"(max-width: 358px) 100vw, 358px\" \/>\t\t\t\t\t\t\t\t\t<\/div>\n\t\t\t<\/div>\n\t\t\t\t\t<div class=\"qodef-ig-image qodef-item-space\">\n\t\t\t\t<div class=\"qodef-ig-image-inner\">\n\t\t\t\t\t\t\t\t\t\t\t<img width=\"300\" height=\"300\" src=\"https:\/\/gotour.be\/multi\/classedemontagne\/wp-content\/uploads\/sites\/2\/2022\/01\/271167732_983711118897177_2646994147750884665_n.jpeg\" class=\"attachment-full size-full\" alt=\"\" decoding=\"async\" loading=\"lazy\" srcset=\"https:\/\/gotour.be\/multi\/classedemontagne\/wp-content\/uploads\/sites\/2\/2022\/01\/271167732_983711118897177_2646994147750884665_n.jpeg 300w, https:\/\/gotour.be\/multi\/classedemontagne\/wp-content\/uploads\/sites\/2\/2022\/01\/271167732_983711118897177_2646994147750884665_n-150x150.jpeg 150w\" sizes=\"(max-width: 300px) 100vw, 300px\" \/>\t\t\t\t\t\t\t\t\t<\/div>\n\t\t\t<\/div>\n\t\t\t\t\t<div class=\"qodef-ig-image qodef-item-space\">\n\t\t\t\t<div class=\"qodef-ig-image-inner\">\n\t\t\t\t\t\t\t\t\t\t\t<img width=\"358\" height=\"268\" src=\"https:\/\/gotour.be\/multi\/classedemontagne\/wp-content\/uploads\/sites\/2\/2021\/09\/trans1.png\" class=\"attachment-full size-full\" alt=\"\" decoding=\"async\" loading=\"lazy\" srcset=\"https:\/\/gotour.be\/multi\/classedemontagne\/wp-content\/uploads\/sites\/2\/2021\/09\/trans1.png 358w, https:\/\/gotour.be\/multi\/classedemontagne\/wp-content\/uploads\/sites\/2\/2021\/09\/trans1-300x225.png 300w\" sizes=\"(max-width: 358px) 100vw, 358px\" \/>\t\t\t\t\t\t\t\t\t<\/div>\n\t\t\t<\/div>\n\t\t\t<\/div>\n<\/div>[\/vc_column][\/vc_row]<\/p>","protected":false},"excerpt":{"rendered":"<p>[vc_row][vc_column][vc_column_text] Nous attachons une importance primordiale \u00e0 la qualit\u00e9 du transport. Afin de garantir au mieux la s\u00e9curit\u00e9 du voyage, nous travaillons toujours avec les m\u00eames compagnies de cars. Les chauffeurs (exp\u00e9riment\u00e9s) nous connaissent et r\u00e9ciproquement. Ils connaissent \u00e9galement nos [&hellip;]<\/p>\n","protected":false},"author":1,"featured_media":0,"parent":0,"menu_order":0,"comment_status":"closed","ping_status":"closed","template":"","meta":[],"_links":{"self":[{"href":"https:\/\/gotour.be\/multi\/classedemontagne\/wp-json\/wp\/v2\/pages\/5332"}],"collection":[{"href":"https:\/\/gotour.be\/multi\/classedemontagne\/wp-json\/wp\/v2\/pages"}],"about":[{"href":"https:\/\/gotour.be\/multi\/classedemontagne\/wp-json\/wp\/v2\/types\/page"}],"author":[{"embeddable":true,"href":"https:\/\/gotour.be\/multi\/classedemontagne\/wp-json\/wp\/v2\/users\/1"}],"replies":[{"embeddable":true,"href":"https:\/\/gotour.be\/multi\/classedemontagne\/wp-json\/wp\/v2\/comments?post=5332"}],"version-history":[{"count":5,"href":"https:\/\/gotour.be\/multi\/classedemontagne\/wp-json\/wp\/v2\/pages\/5332\/revisions"}],"predecessor-version":[{"id":7590,"href":"https:\/\/gotour.be\/multi\/classedemontagne\/wp-json\/wp\/v2\/pages\/5332\/revisions\/7590"}],"wp:attachment":[{"href":"https:\/\/gotour.be\/multi\/classedemontagne\/wp-json\/wp\/v2\/media?parent=5332"}],"curies":[{"name":"wp","href":"https:\/\/api.w.org\/{rel}","templated":true}]}}