{"id":5330,"date":"2021-09-13T23:11:32","date_gmt":"2021-09-13T21:11:32","guid":{"rendered":"http:\/\/gotour.be\/multi\/classedemontagne\/?page_id=5330"},"modified":"2021-12-17T13:17:57","modified_gmt":"2021-12-17T12:17:57","slug":"dossier-pedagogique","status":"publish","type":"page","link":"https:\/\/gotour.be\/multi\/classedemontagne\/dossier-pedagogique\/","title":{"rendered":"Dossier p\u00e9dagogique"},"content":{"rendered":"<p>[vc_row][vc_column][vc_column_text]<\/p>\r\n<p style=\"text-align: justify;\">Un dossier p\u00e9dagogique complet est mis \u00e0 la disposition des enseignants\u2026 Ceux-ci y trouveront tous les renseignements n\u00e9cessaires \u00e0 la pr\u00e9paration p\u00e9dagogique et logistique du s\u00e9jour.Vous pouvez visualiser la table des mati\u00e8res en cliquant\u00a0<a href=\"http:\/\/classedeneige.be\/telecharger\/dossier_pedagogique_cl_de_neige\" target=\"_blank\" rel=\"noreferrer noopener\">ici<\/a>.Vous recevrez \u00e9galement un vademecum complet. Celui-ci reprend toutes les informations n\u00e9cessaires \u00e0 la pr\u00e9paration du s\u00e9jour.<\/p>\r\n\r\n<p>&nbsp;<\/p>\r\n<p>[\/vc_column_text][\/vc_column][\/vc_row]<\/p>","protected":false},"excerpt":{"rendered":"<p>[vc_row][vc_column][vc_column_text] Un dossier p\u00e9dagogique complet est mis \u00e0 la disposition des enseignants\u2026 Ceux-ci y trouveront tous les renseignements n\u00e9cessaires \u00e0 la pr\u00e9paration p\u00e9dagogique et logistique du s\u00e9jour.Vous pouvez visualiser la table des mati\u00e8res en cliquant\u00a0ici.Vous recevrez \u00e9galement un vademecum complet. [&hellip;]<\/p>\n","protected":false},"author":1,"featured_media":0,"parent":0,"menu_order":0,"comment_status":"closed","ping_status":"closed","template":"","meta":[],"_links":{"self":[{"href":"https:\/\/gotour.be\/multi\/classedemontagne\/wp-json\/wp\/v2\/pages\/5330"}],"collection":[{"href":"https:\/\/gotour.be\/multi\/classedemontagne\/wp-json\/wp\/v2\/pages"}],"about":[{"href":"https:\/\/gotour.be\/multi\/classedemontagne\/wp-json\/wp\/v2\/types\/page"}],"author":[{"embeddable":true,"href":"https:\/\/gotour.be\/multi\/classedemontagne\/wp-json\/wp\/v2\/users\/1"}],"replies":[{"embeddable":true,"href":"https:\/\/gotour.be\/multi\/classedemontagne\/wp-json\/wp\/v2\/comments?post=5330"}],"version-history":[{"count":3,"href":"https:\/\/gotour.be\/multi\/classedemontagne\/wp-json\/wp\/v2\/pages\/5330\/revisions"}],"predecessor-version":[{"id":5498,"href":"https:\/\/gotour.be\/multi\/classedemontagne\/wp-json\/wp\/v2\/pages\/5330\/revisions\/5498"}],"wp:attachment":[{"href":"https:\/\/gotour.be\/multi\/classedemontagne\/wp-json\/wp\/v2\/media?parent=5330"}],"curies":[{"name":"wp","href":"https:\/\/api.w.org\/{rel}","templated":true}]}}