{"id":5328,"date":"2021-09-13T23:11:15","date_gmt":"2021-09-13T21:11:15","guid":{"rendered":"http:\/\/gotour.be\/multi\/classedemontagne\/?page_id=5328"},"modified":"2021-09-21T18:58:39","modified_gmt":"2021-09-21T16:58:39","slug":"specificites","status":"publish","type":"page","link":"https:\/\/gotour.be\/multi\/classedemontagne\/specificites\/","title":{"rendered":"Sp\u00e9cificit\u00e9s"},"content":{"rendered":"\n<p>\u2013 H\u00e9bergement r\u00e9serv\u00e9 en exclusivit\u00e9, \u00e0 proximit\u00e9 du village<\/p>\n\n\n\n<p>\u2013 Pr\u00e9sence d\u2019un accompagnateur (exp\u00e9riment\u00e9) sur place<\/p>\n\n\n\n<p>\u2013 Prix tout compris, pas de suppl\u00e9ment sur place<\/p>\n\n\n\n<p>\u2013 Communication avec les parents via ce site web pendant le s\u00e9jour<\/p>\n\n\n\n<p>\u2013 Dossier p\u00e9dagogique complet<\/p>\n\n\n\n<p>\u2013 Pr\u00e9sentation du s\u00e9jour aux parents<\/p>\n\n\n\n<p>\u2013 Village peu fr\u00e9quent\u00e9 en dehors des p\u00e9riodes de vacances scolaires = s\u00e9curit\u00e9 et confort<\/p>\n\n\n\n<p>\u2013 Animation karaok\u00e9, soir\u00e9e dansante, balade aux flambeaux<\/p>\n\n\n\n<p>\u2013 Visite de mus\u00e9es, ferme p\u00e9dagogique, balade nature<\/p>\n\n\n\n<p>\u2013 Biathlon<\/p>\n\n\n\n<p>\u2013 Remise d\u2019une cl\u00e9 USB \u00e0 la fin du s\u00e9jour<\/p>\n\n\n\n<p>\u2013 Projection de photos et&nbsp;films&nbsp;sur grand \u00e9cran<\/p>\n","protected":false},"excerpt":{"rendered":"<p>\u2013 H\u00e9bergement r\u00e9serv\u00e9 en exclusivit\u00e9, \u00e0 proximit\u00e9 du village \u2013 Pr\u00e9sence d\u2019un accompagnateur (exp\u00e9riment\u00e9) sur place \u2013 Prix tout compris, pas de suppl\u00e9ment sur place \u2013 Communication avec les parents via ce site web pendant le s\u00e9jour \u2013 Dossier p\u00e9dagogique [&hellip;]<\/p>\n","protected":false},"author":1,"featured_media":0,"parent":0,"menu_order":0,"comment_status":"closed","ping_status":"closed","template":"","meta":[],"_links":{"self":[{"href":"https:\/\/gotour.be\/multi\/classedemontagne\/wp-json\/wp\/v2\/pages\/5328"}],"collection":[{"href":"https:\/\/gotour.be\/multi\/classedemontagne\/wp-json\/wp\/v2\/pages"}],"about":[{"href":"https:\/\/gotour.be\/multi\/classedemontagne\/wp-json\/wp\/v2\/types\/page"}],"author":[{"embeddable":true,"href":"https:\/\/gotour.be\/multi\/classedemontagne\/wp-json\/wp\/v2\/users\/1"}],"replies":[{"embeddable":true,"href":"https:\/\/gotour.be\/multi\/classedemontagne\/wp-json\/wp\/v2\/comments?post=5328"}],"version-history":[{"count":2,"href":"https:\/\/gotour.be\/multi\/classedemontagne\/wp-json\/wp\/v2\/pages\/5328\/revisions"}],"predecessor-version":[{"id":5402,"href":"https:\/\/gotour.be\/multi\/classedemontagne\/wp-json\/wp\/v2\/pages\/5328\/revisions\/5402"}],"wp:attachment":[{"href":"https:\/\/gotour.be\/multi\/classedemontagne\/wp-json\/wp\/v2\/media?parent=5328"}],"curies":[{"name":"wp","href":"https:\/\/api.w.org\/{rel}","templated":true}]}}