{"id":5324,"date":"2021-09-13T23:10:31","date_gmt":"2021-09-13T21:10:31","guid":{"rendered":"http:\/\/gotour.be\/multi\/classedemontagne\/?page_id=5324"},"modified":"2023-06-20T14:22:02","modified_gmt":"2023-06-20T12:22:02","slug":"activites","status":"publish","type":"page","link":"https:\/\/gotour.be\/multi\/classedemontagne\/activites\/","title":{"rendered":"Autres activit\u00e9s"},"content":{"rendered":"<p>[vc_row][vc_column css=\u00a0\u00bb.vc_custom_1634655148320{padding-bottom: 20px !important;}\u00a0\u00bb][vc_column_text]<\/p>\n<h4>En dehors\u00a0des randonn\u00e9es ski, les activit\u00e9s suivantes sont propos\u00e9es aux groupes :<\/h4>\n<p>Pour plus d&rsquo;informations cliquez sur les liens ci dessous.[\/vc_column_text][\/vc_column][\/vc_row][vc_row][vc_column][vc_toggle title=\u00a0\u00bbActivit\u00e9s au Maria Nivis\u00a0\u00bb]Baby foot, Tennis de Table, Soir\u00e9e Quizz Musical, Karaok\u00e9, Projection de films, Boom[\/vc_toggle][vc_toggle title=\u00a0\u00bbAire de jeu\u00a0\u00bb]<img decoding=\"async\" loading=\"lazy\" class=\"alignnone size-medium wp-image-5510\" src=\"http:\/\/gotour.be\/multi\/classedemontagne\/wp-content\/uploads\/sites\/2\/2021\/12\/266510526_254581316612946_7281744076201494134_n-300x200.jpg\" alt=\"\" width=\"300\" height=\"200\" srcset=\"https:\/\/gotour.be\/multi\/classedemontagne\/wp-content\/uploads\/sites\/2\/2021\/12\/266510526_254581316612946_7281744076201494134_n-300x200.jpg 300w, https:\/\/gotour.be\/multi\/classedemontagne\/wp-content\/uploads\/sites\/2\/2021\/12\/266510526_254581316612946_7281744076201494134_n-1024x683.jpg 1024w, https:\/\/gotour.be\/multi\/classedemontagne\/wp-content\/uploads\/sites\/2\/2021\/12\/266510526_254581316612946_7281744076201494134_n-768x512.jpg 768w, https:\/\/gotour.be\/multi\/classedemontagne\/wp-content\/uploads\/sites\/2\/2021\/12\/266510526_254581316612946_7281744076201494134_n.jpg 1472w\" sizes=\"(max-width: 300px) 100vw, 300px\" \/>[\/vc_toggle][vc_toggle title=\u00a0\u00bbBiathlon\u00a0\u00bb]Les enfants pourront notamment tirer avec des carabines laser.<\/p>\n<p>(absolument sans danger!)<\/p>\n<p><img decoding=\"async\" loading=\"lazy\" class=\"alignnone wp-image-5481\" src=\"http:\/\/gotour.be\/multi\/classedemontagne\/wp-content\/uploads\/sites\/2\/2021\/10\/te\u0301le\u0301chargement.png\" alt=\"\" width=\"250\" height=\"166\" \/>.\u00a0 \u00a0<img decoding=\"async\" loading=\"lazy\" class=\"alignnone wp-image-5503\" src=\"http:\/\/gotour.be\/multi\/classedemontagne\/wp-content\/uploads\/sites\/2\/2021\/12\/SJB_4805-300x199.jpg\" alt=\"\" width=\"250\" height=\"166\" srcset=\"https:\/\/gotour.be\/multi\/classedemontagne\/wp-content\/uploads\/sites\/2\/2021\/12\/SJB_4805-300x199.jpg 300w, https:\/\/gotour.be\/multi\/classedemontagne\/wp-content\/uploads\/sites\/2\/2021\/12\/SJB_4805-1024x678.jpg 1024w, https:\/\/gotour.be\/multi\/classedemontagne\/wp-content\/uploads\/sites\/2\/2021\/12\/SJB_4805-768x509.jpg 768w, https:\/\/gotour.be\/multi\/classedemontagne\/wp-content\/uploads\/sites\/2\/2021\/12\/SJB_4805-1536x1017.jpg 1536w\" sizes=\"(max-width: 250px) 100vw, 250px\" \/>[\/vc_toggle][vc_toggle title=\u00a0\u00bbJeu de piste\u00a0\u00bb][\/vc_toggle][vc_toggle title=\u00a0\u00bbPaintball\u00a0\u00bb]<img decoding=\"async\" loading=\"lazy\" class=\"alignnone size-medium wp-image-5508\" src=\"http:\/\/gotour.be\/multi\/classedemontagne\/wp-content\/uploads\/sites\/2\/2021\/12\/264718622_310450027754507_2872402186813174696_n-300x221.jpg\" alt=\"\" width=\"300\" height=\"221\" srcset=\"https:\/\/gotour.be\/multi\/classedemontagne\/wp-content\/uploads\/sites\/2\/2021\/12\/264718622_310450027754507_2872402186813174696_n-300x221.jpg 300w, https:\/\/gotour.be\/multi\/classedemontagne\/wp-content\/uploads\/sites\/2\/2021\/12\/264718622_310450027754507_2872402186813174696_n-1024x753.jpg 1024w, https:\/\/gotour.be\/multi\/classedemontagne\/wp-content\/uploads\/sites\/2\/2021\/12\/264718622_310450027754507_2872402186813174696_n-768x565.jpg 768w, https:\/\/gotour.be\/multi\/classedemontagne\/wp-content\/uploads\/sites\/2\/2021\/12\/264718622_310450027754507_2872402186813174696_n.jpg 1125w\" sizes=\"(max-width: 300px) 100vw, 300px\" \/>[\/vc_toggle][vc_toggle title=\u00a0\u00bbSouper dans un chalet\u00a0\u00bb]Repas typique en altitude avec descente de nuit vers l\u2019h\u00e9bergement.<\/p>\n<p><img decoding=\"async\" loading=\"lazy\" class=\"alignnone size-full wp-image-5477\" src=\"http:\/\/gotour.be\/multi\/classedemontagne\/wp-content\/uploads\/sites\/2\/2021\/10\/chalet.png\" alt=\"\" width=\"250\" height=\"166\" \/>[\/vc_toggle][vc_toggle title=\u00a0\u00bbTir \u00e0 l&rsquo;arc\u00a0\u00bb][\/vc_toggle][vc_toggle title=\u00a0\u00bbTerrains multisports\u00a0\u00bb]Volley, Football, Basketball&#8230;[\/vc_toggle][\/vc_column][\/vc_row]<\/p>\n","protected":false},"excerpt":{"rendered":"<p>[vc_row][vc_column css=\u00a0\u00bb.vc_custom_1634655148320{padding-bottom: 20px !important;}\u00a0\u00bb][vc_column_text] En dehors\u00a0des randonn\u00e9es ski, les activit\u00e9s suivantes sont propos\u00e9es aux groupes : Pour plus d&rsquo;informations cliquez sur les liens ci dessous.[\/vc_column_text][\/vc_column][\/vc_row][vc_row][vc_column][vc_toggle title=\u00a0\u00bbActivit\u00e9s au Maria Nivis\u00a0\u00bb]Baby foot, Tennis de Table, Soir\u00e9e Quizz Musical, Karaok\u00e9, Projection de films, [&hellip;]<\/p>\n","protected":false},"author":1,"featured_media":0,"parent":0,"menu_order":2,"comment_status":"closed","ping_status":"closed","template":"","meta":[],"_links":{"self":[{"href":"https:\/\/gotour.be\/multi\/classedemontagne\/wp-json\/wp\/v2\/pages\/5324"}],"collection":[{"href":"https:\/\/gotour.be\/multi\/classedemontagne\/wp-json\/wp\/v2\/pages"}],"about":[{"href":"https:\/\/gotour.be\/multi\/classedemontagne\/wp-json\/wp\/v2\/types\/page"}],"author":[{"embeddable":true,"href":"https:\/\/gotour.be\/multi\/classedemontagne\/wp-json\/wp\/v2\/users\/1"}],"replies":[{"embeddable":true,"href":"https:\/\/gotour.be\/multi\/classedemontagne\/wp-json\/wp\/v2\/comments?post=5324"}],"version-history":[{"count":19,"href":"https:\/\/gotour.be\/multi\/classedemontagne\/wp-json\/wp\/v2\/pages\/5324\/revisions"}],"predecessor-version":[{"id":6479,"href":"https:\/\/gotour.be\/multi\/classedemontagne\/wp-json\/wp\/v2\/pages\/5324\/revisions\/6479"}],"wp:attachment":[{"href":"https:\/\/gotour.be\/multi\/classedemontagne\/wp-json\/wp\/v2\/media?parent=5324"}],"curies":[{"name":"wp","href":"https:\/\/api.w.org\/{rel}","templated":true}]}}