{"id":5322,"date":"2021-09-13T23:10:11","date_gmt":"2021-09-13T21:10:11","guid":{"rendered":"http:\/\/gotour.be\/multi\/classedemontagne\/?page_id=5322"},"modified":"2023-09-16T09:06:37","modified_gmt":"2023-09-16T07:06:37","slug":"hebergement","status":"publish","type":"page","link":"https:\/\/gotour.be\/multi\/classedemontagne\/hebergement\/","title":{"rendered":"H\u00e9bergement"},"content":{"rendered":"<p>[vc_row][vc_column][vc_column_text]<\/p>\r\n<h4 class=\"wp-block-heading\">Maria Nivis<\/h4>\r\n\r\n<p style=\"text-align: justify;\"><strong>Classedemontagne.be<\/strong>\u00a0travaille en partenariat privil\u00e9gi\u00e9 avec la commune de Torgnon.<\/p>\r\n\r\n<p style=\"text-align: justify;\">Nous proposons principalement comme lieu d\u2019h\u00e9bergement: l\u2019h\u00f4tel Maria Nivis que nous louons en exclusivit\u00e9 pour notre groupe.<\/p>\r\n\r\n<p style=\"text-align: justify;\">Le centre d\u2019h\u00e9bergement Maria Nivis est un \u00e9tablissement d\u2019une capacit\u00e9 de 155 lits, r\u00e9partis sur 3 \u00e9tages. Il dispose de nombreuses salles polyvalentes et est donc parfaitement adapt\u00e9 \u00e0 l\u2019accueil des groupes scolaires.<\/p>\r\n\r\n<p style=\"text-align: justify;\">L\u2019\u00e9tablissement est situ\u00e9 le long de la piste de ski qui descend au village. Il est r\u00e9serv\u00e9 en exclusivit\u00e9 pour notre groupe.<\/p>\r\n\r\n<p style=\"text-align: justify;\">Repas chauds midi et soir. Collation apr\u00e8s\u00a0les randonn\u00e9es.<\/p>\r\n\r\n<p style=\"text-align: justify;\">Il existe 2 types de chambres:<\/p>\r\n\r\n<p style=\"text-align: justify;\">\u2013 Grandes chambres \u00e9quip\u00e9es de 5 \u00e0 7 lits<br \/>\u2013 Petites chambres de 2-3 lits<\/p>\r\n\r\n<p>[\/vc_column_text][\/vc_column][\/vc_row][vc_row][vc_column css=\u00a0\u00bb.vc_custom_1634654502719{padding-top: 20px !important;padding-bottom: 20px !important;}\u00a0\u00bb]<div class=\"qodef-image-gallery qodef-grid-list qodef-disable-bottom-space  qodef-ig-grid-type qodef-three-columns qodef-huge-space  \">\n\t<div class=\"qodef-ig-inner qodef-outer-space\">\n\t\t\t\t\t<div class=\"qodef-ig-image qodef-item-space\">\n\t\t\t\t<div class=\"qodef-ig-image-inner\">\n\t\t\t\t\t\t\t\t\t\t\t<img width=\"360\" height=\"262\" src=\"https:\/\/gotour.be\/multi\/classedemontagne\/wp-content\/uploads\/sites\/2\/2021\/09\/nivis3.png\" class=\"attachment-full size-full\" alt=\"\" decoding=\"async\" loading=\"lazy\" srcset=\"https:\/\/gotour.be\/multi\/classedemontagne\/wp-content\/uploads\/sites\/2\/2021\/09\/nivis3.png 360w, https:\/\/gotour.be\/multi\/classedemontagne\/wp-content\/uploads\/sites\/2\/2021\/09\/nivis3-300x218.png 300w\" sizes=\"(max-width: 360px) 100vw, 360px\" \/>\t\t\t\t\t\t\t\t\t<\/div>\n\t\t\t<\/div>\n\t\t\t\t\t<div class=\"qodef-ig-image qodef-item-space\">\n\t\t\t\t<div class=\"qodef-ig-image-inner\">\n\t\t\t\t\t\t\t\t\t\t\t<img width=\"354\" height=\"264\" src=\"https:\/\/gotour.be\/multi\/classedemontagne\/wp-content\/uploads\/sites\/2\/2021\/09\/nivis2.png\" class=\"attachment-full size-full\" alt=\"\" decoding=\"async\" loading=\"lazy\" srcset=\"https:\/\/gotour.be\/multi\/classedemontagne\/wp-content\/uploads\/sites\/2\/2021\/09\/nivis2.png 354w, https:\/\/gotour.be\/multi\/classedemontagne\/wp-content\/uploads\/sites\/2\/2021\/09\/nivis2-300x224.png 300w\" sizes=\"(max-width: 354px) 100vw, 354px\" \/>\t\t\t\t\t\t\t\t\t<\/div>\n\t\t\t<\/div>\n\t\t\t\t\t<div class=\"qodef-ig-image qodef-item-space\">\n\t\t\t\t<div class=\"qodef-ig-image-inner\">\n\t\t\t\t\t\t\t\t\t\t\t<img width=\"360\" height=\"239\" src=\"https:\/\/gotour.be\/multi\/classedemontagne\/wp-content\/uploads\/sites\/2\/2021\/09\/nivis1.png\" class=\"attachment-full size-full\" alt=\"\" decoding=\"async\" loading=\"lazy\" srcset=\"https:\/\/gotour.be\/multi\/classedemontagne\/wp-content\/uploads\/sites\/2\/2021\/09\/nivis1.png 360w, https:\/\/gotour.be\/multi\/classedemontagne\/wp-content\/uploads\/sites\/2\/2021\/09\/nivis1-300x199.png 300w\" sizes=\"(max-width: 360px) 100vw, 360px\" \/>\t\t\t\t\t\t\t\t\t<\/div>\n\t\t\t<\/div>\n\t\t\t\t\t<div class=\"qodef-ig-image qodef-item-space\">\n\t\t\t\t<div class=\"qodef-ig-image-inner\">\n\t\t\t\t\t\t\t\t\t\t\t<img width=\"1024\" height=\"768\" src=\"https:\/\/gotour.be\/multi\/classedemontagne\/wp-content\/uploads\/sites\/2\/2023\/09\/marianivis-3.jpg\" class=\"attachment-full size-full\" alt=\"\" decoding=\"async\" loading=\"lazy\" srcset=\"https:\/\/gotour.be\/multi\/classedemontagne\/wp-content\/uploads\/sites\/2\/2023\/09\/marianivis-3.jpg 1024w, https:\/\/gotour.be\/multi\/classedemontagne\/wp-content\/uploads\/sites\/2\/2023\/09\/marianivis-3-300x225.jpg 300w, https:\/\/gotour.be\/multi\/classedemontagne\/wp-content\/uploads\/sites\/2\/2023\/09\/marianivis-3-768x576.jpg 768w, https:\/\/gotour.be\/multi\/classedemontagne\/wp-content\/uploads\/sites\/2\/2023\/09\/marianivis-3-420x315.jpg 420w, https:\/\/gotour.be\/multi\/classedemontagne\/wp-content\/uploads\/sites\/2\/2023\/09\/marianivis-3-540x405.jpg 540w, https:\/\/gotour.be\/multi\/classedemontagne\/wp-content\/uploads\/sites\/2\/2023\/09\/marianivis-3-780x585.jpg 780w\" sizes=\"(max-width: 1024px) 100vw, 1024px\" \/>\t\t\t\t\t\t\t\t\t<\/div>\n\t\t\t<\/div>\n\t\t\t\t\t<div class=\"qodef-ig-image qodef-item-space\">\n\t\t\t\t<div class=\"qodef-ig-image-inner\">\n\t\t\t\t\t\t\t\t\t\t\t<img width=\"1024\" height=\"768\" src=\"https:\/\/gotour.be\/multi\/classedemontagne\/wp-content\/uploads\/sites\/2\/2023\/09\/marianivis-4.jpg\" class=\"attachment-full size-full\" alt=\"\" decoding=\"async\" loading=\"lazy\" srcset=\"https:\/\/gotour.be\/multi\/classedemontagne\/wp-content\/uploads\/sites\/2\/2023\/09\/marianivis-4.jpg 1024w, https:\/\/gotour.be\/multi\/classedemontagne\/wp-content\/uploads\/sites\/2\/2023\/09\/marianivis-4-300x225.jpg 300w, https:\/\/gotour.be\/multi\/classedemontagne\/wp-content\/uploads\/sites\/2\/2023\/09\/marianivis-4-768x576.jpg 768w, https:\/\/gotour.be\/multi\/classedemontagne\/wp-content\/uploads\/sites\/2\/2023\/09\/marianivis-4-420x315.jpg 420w, https:\/\/gotour.be\/multi\/classedemontagne\/wp-content\/uploads\/sites\/2\/2023\/09\/marianivis-4-540x405.jpg 540w, https:\/\/gotour.be\/multi\/classedemontagne\/wp-content\/uploads\/sites\/2\/2023\/09\/marianivis-4-780x585.jpg 780w\" sizes=\"(max-width: 1024px) 100vw, 1024px\" \/>\t\t\t\t\t\t\t\t\t<\/div>\n\t\t\t<\/div>\n\t\t\t\t\t<div class=\"qodef-ig-image qodef-item-space\">\n\t\t\t\t<div class=\"qodef-ig-image-inner\">\n\t\t\t\t\t\t\t\t\t\t\t<img width=\"1024\" height=\"768\" src=\"https:\/\/gotour.be\/multi\/classedemontagne\/wp-content\/uploads\/sites\/2\/2023\/09\/Image6.jpg\" class=\"attachment-full size-full\" alt=\"\" decoding=\"async\" loading=\"lazy\" srcset=\"https:\/\/gotour.be\/multi\/classedemontagne\/wp-content\/uploads\/sites\/2\/2023\/09\/Image6.jpg 1024w, https:\/\/gotour.be\/multi\/classedemontagne\/wp-content\/uploads\/sites\/2\/2023\/09\/Image6-300x225.jpg 300w, https:\/\/gotour.be\/multi\/classedemontagne\/wp-content\/uploads\/sites\/2\/2023\/09\/Image6-768x576.jpg 768w, https:\/\/gotour.be\/multi\/classedemontagne\/wp-content\/uploads\/sites\/2\/2023\/09\/Image6-420x315.jpg 420w, https:\/\/gotour.be\/multi\/classedemontagne\/wp-content\/uploads\/sites\/2\/2023\/09\/Image6-540x405.jpg 540w, https:\/\/gotour.be\/multi\/classedemontagne\/wp-content\/uploads\/sites\/2\/2023\/09\/Image6-780x585.jpg 780w\" sizes=\"(max-width: 1024px) 100vw, 1024px\" \/>\t\t\t\t\t\t\t\t\t<\/div>\n\t\t\t<\/div>\n\t\t\t\t\t<div class=\"qodef-ig-image qodef-item-space\">\n\t\t\t\t<div class=\"qodef-ig-image-inner\">\n\t\t\t\t\t\t\t\t\t\t\t<img width=\"1024\" height=\"768\" src=\"https:\/\/gotour.be\/multi\/classedemontagne\/wp-content\/uploads\/sites\/2\/2023\/09\/marianivis-5.jpg\" class=\"attachment-full size-full\" alt=\"\" decoding=\"async\" loading=\"lazy\" srcset=\"https:\/\/gotour.be\/multi\/classedemontagne\/wp-content\/uploads\/sites\/2\/2023\/09\/marianivis-5.jpg 1024w, https:\/\/gotour.be\/multi\/classedemontagne\/wp-content\/uploads\/sites\/2\/2023\/09\/marianivis-5-300x225.jpg 300w, https:\/\/gotour.be\/multi\/classedemontagne\/wp-content\/uploads\/sites\/2\/2023\/09\/marianivis-5-768x576.jpg 768w, https:\/\/gotour.be\/multi\/classedemontagne\/wp-content\/uploads\/sites\/2\/2023\/09\/marianivis-5-420x315.jpg 420w, https:\/\/gotour.be\/multi\/classedemontagne\/wp-content\/uploads\/sites\/2\/2023\/09\/marianivis-5-540x405.jpg 540w, https:\/\/gotour.be\/multi\/classedemontagne\/wp-content\/uploads\/sites\/2\/2023\/09\/marianivis-5-780x585.jpg 780w\" sizes=\"(max-width: 1024px) 100vw, 1024px\" \/>\t\t\t\t\t\t\t\t\t<\/div>\n\t\t\t<\/div>\n\t\t\t<\/div>\n<\/div>[\/vc_column][\/vc_row]<\/p>","protected":false},"excerpt":{"rendered":"<p>[vc_row][vc_column][vc_column_text] Maria Nivis Classedemontagne.be\u00a0travaille en partenariat privil\u00e9gi\u00e9 avec la commune de Torgnon. Nous proposons principalement comme lieu d\u2019h\u00e9bergement: l\u2019h\u00f4tel Maria Nivis que nous louons en exclusivit\u00e9 pour notre groupe. Le centre d\u2019h\u00e9bergement Maria Nivis est un \u00e9tablissement d\u2019une capacit\u00e9 de [&hellip;]<\/p>\n","protected":false},"author":1,"featured_media":0,"parent":0,"menu_order":0,"comment_status":"closed","ping_status":"closed","template":"","meta":[],"_links":{"self":[{"href":"https:\/\/gotour.be\/multi\/classedemontagne\/wp-json\/wp\/v2\/pages\/5322"}],"collection":[{"href":"https:\/\/gotour.be\/multi\/classedemontagne\/wp-json\/wp\/v2\/pages"}],"about":[{"href":"https:\/\/gotour.be\/multi\/classedemontagne\/wp-json\/wp\/v2\/types\/page"}],"author":[{"embeddable":true,"href":"https:\/\/gotour.be\/multi\/classedemontagne\/wp-json\/wp\/v2\/users\/1"}],"replies":[{"embeddable":true,"href":"https:\/\/gotour.be\/multi\/classedemontagne\/wp-json\/wp\/v2\/comments?post=5322"}],"version-history":[{"count":8,"href":"https:\/\/gotour.be\/multi\/classedemontagne\/wp-json\/wp\/v2\/pages\/5322\/revisions"}],"predecessor-version":[{"id":6526,"href":"https:\/\/gotour.be\/multi\/classedemontagne\/wp-json\/wp\/v2\/pages\/5322\/revisions\/6526"}],"wp:attachment":[{"href":"https:\/\/gotour.be\/multi\/classedemontagne\/wp-json\/wp\/v2\/media?parent=5322"}],"curies":[{"name":"wp","href":"https:\/\/api.w.org\/{rel}","templated":true}]}}