{"id":5292,"date":"2021-09-13T23:07:37","date_gmt":"2021-09-13T21:07:37","guid":{"rendered":"http:\/\/gotour.be\/multi\/classedemontagne\/?page_id=5292"},"modified":"2023-06-20T09:33:15","modified_gmt":"2023-06-20T07:33:15","slug":"torgnon","status":"publish","type":"page","link":"https:\/\/gotour.be\/multi\/classedemontagne\/torgnon\/","title":{"rendered":"Le village"},"content":{"rendered":"<p>[vc_column][vc_column_text]<\/p>\n<h4 class=\"art-postheader\">Torgnon est situ\u00e9 dans le Val d&rsquo;Aoste, dans la vall\u00e9e de Valtournenche.<\/h4>\n<div class=\"art-postcontent clearfix\">\n<div class=\"art-article\">\n<p style=\"text-align: justify;\">Le village, plein de charme, est surnomm\u00e9 \u00ab\u00a0le pays du soleil\u00a0\u00bb, il se situe \u00e0 1500 m d&rsquo;altitude. Depuis le Maria Nivis, nous pouvons partir \u00e0 pied d\u00e9couvrir ce village typique et dynamique de la Vall\u00e9e d\u2019AosteLa r\u00e9gion \u00e9tant bilingue, la langue fran\u00e7aise est utilis\u00e9e\u00a0 par la plupart des habitants.<\/p>\n<\/div>\n<\/div>\n<p>[\/vc_column_text][\/vc_column][vc_row][vc_column css=\u00a0\u00bb.vc_custom_1634653041424{padding-top: 20px !important;padding-bottom: 20px !important;}\u00a0\u00bb]<div class=\"qodef-image-gallery qodef-grid-list qodef-disable-bottom-space  qodef-ig-grid-type qodef-three-columns qodef-huge-space  \">\n\t<div class=\"qodef-ig-inner qodef-outer-space\">\n\t\t\t\t\t<div class=\"qodef-ig-image qodef-item-space\">\n\t\t\t\t<div class=\"qodef-ig-image-inner\">\n\t\t\t\t\t\t\t\t\t\t\t<img width=\"225\" height=\"300\" src=\"https:\/\/gotour.be\/multi\/classedemontagne\/wp-content\/uploads\/sites\/2\/2021\/10\/torgnonn-225x300.jpeg\" class=\"attachment-medium size-medium\" alt=\"\" decoding=\"async\" loading=\"lazy\" srcset=\"https:\/\/gotour.be\/multi\/classedemontagne\/wp-content\/uploads\/sites\/2\/2021\/10\/torgnonn-225x300.jpeg 225w, https:\/\/gotour.be\/multi\/classedemontagne\/wp-content\/uploads\/sites\/2\/2021\/10\/torgnonn-768x1024.jpeg 768w, https:\/\/gotour.be\/multi\/classedemontagne\/wp-content\/uploads\/sites\/2\/2021\/10\/torgnonn.jpeg 900w\" sizes=\"(max-width: 225px) 100vw, 225px\" \/>\t\t\t\t\t\t\t\t\t<\/div>\n\t\t\t<\/div>\n\t\t\t\t\t<div class=\"qodef-ig-image qodef-item-space\">\n\t\t\t\t<div class=\"qodef-ig-image-inner\">\n\t\t\t\t\t\t\t\t\t\t\t<img width=\"225\" height=\"300\" src=\"https:\/\/gotour.be\/multi\/classedemontagne\/wp-content\/uploads\/sites\/2\/2021\/10\/torgnonnn-225x300.jpeg\" class=\"attachment-medium size-medium\" alt=\"\" decoding=\"async\" loading=\"lazy\" srcset=\"https:\/\/gotour.be\/multi\/classedemontagne\/wp-content\/uploads\/sites\/2\/2021\/10\/torgnonnn-225x300.jpeg 225w, https:\/\/gotour.be\/multi\/classedemontagne\/wp-content\/uploads\/sites\/2\/2021\/10\/torgnonnn-768x1024.jpeg 768w, https:\/\/gotour.be\/multi\/classedemontagne\/wp-content\/uploads\/sites\/2\/2021\/10\/torgnonnn.jpeg 900w\" sizes=\"(max-width: 225px) 100vw, 225px\" \/>\t\t\t\t\t\t\t\t\t<\/div>\n\t\t\t<\/div>\n\t\t\t\t\t<div class=\"qodef-ig-image qodef-item-space\">\n\t\t\t\t<div class=\"qodef-ig-image-inner\">\n\t\t\t\t\t\t\t\t\t\t\t<img width=\"225\" height=\"300\" src=\"https:\/\/gotour.be\/multi\/classedemontagne\/wp-content\/uploads\/sites\/2\/2021\/10\/IMG_5777-225x300.jpeg\" class=\"attachment-medium size-medium\" alt=\"\" decoding=\"async\" loading=\"lazy\" srcset=\"https:\/\/gotour.be\/multi\/classedemontagne\/wp-content\/uploads\/sites\/2\/2021\/10\/IMG_5777-225x300.jpeg 225w, https:\/\/gotour.be\/multi\/classedemontagne\/wp-content\/uploads\/sites\/2\/2021\/10\/IMG_5777-769x1024.jpeg 769w, https:\/\/gotour.be\/multi\/classedemontagne\/wp-content\/uploads\/sites\/2\/2021\/10\/IMG_5777-768x1022.jpeg 768w, https:\/\/gotour.be\/multi\/classedemontagne\/wp-content\/uploads\/sites\/2\/2021\/10\/IMG_5777.jpeg 894w\" sizes=\"(max-width: 225px) 100vw, 225px\" \/>\t\t\t\t\t\t\t\t\t<\/div>\n\t\t\t<\/div>\n\t\t\t<\/div>\n<\/div>[\/vc_column][\/vc_row][vc_row][vc_column][vc_column_text]<\/p>\n<h4>L\u2019histoire de Torgnon<\/h4>\n<p style=\"text-align: justify;\">Torgnon poss\u00e8de des vestiges arch\u00e9ologiques importants. Deux \u00e9tablissements protohistoriques ont \u00e9t\u00e9 retrouv\u00e9s aux hameaux Ch\u00e2tel et Chatrian, ainsi qu\u2019un site datant de l\u2019\u00e9poque des Salasses sur le col Pierrey, ce qui t\u00e9moigne du fait que Torgnon \u00e9tait habit\u00e9 d\u00e9j\u00e0 avant l\u2019arriv\u00e9e des Romains.<\/p>\n<p style=\"text-align: justify;\">Le pape Alexandre III, dans sa bulle du 20 avril 1176, cite la paroisse de Torgnon comme existante \u00ab in Valle tornina \u00bb. Il semble donc que Torgnon (latin Tornacus devenu par corruption Tornio) a donn\u00e9 son nom au Valtournenche, nomm\u00e9 ensuite \u00ab Vallis Tornenchia \u00bb, puis \u00ab Valtournanche \u00bb. \u00c0 partir du Moyen \u00c2ge, cette commune fit partie des propri\u00e9t\u00e9s des seigneurs de Cly, qui s\u2019\u00e9tendaient aussi au-del\u00e0 des Alpes, jusqu\u2019\u00e0 Sion. Pendant la p\u00e9riode de gouvernement du tyrannique Pierre de Cly, le fief de Torgnon fut conquis par les Savoie, qui l\u2019administr\u00e8rent pendant 200 ans environ. En 1550, il fut c\u00e9d\u00e9 \u00e0 la famille Moralis, puis aux Fabri, aux Roncas, et enfin aux Bergera, qui renoncent officiellement \u00e0 leurs droits sur Torgnon en 1750. Le cadastre sarde de la paroisse termin\u00e9 le 24 novembre 1770, tr\u00e8s mal conserv\u00e9, rel\u00e8ve 13 314 parcelles et seulement les noms de 349 propri\u00e9taires-contribuables. Les t\u00e9moignages de la p\u00e9riode des seigneuries sont les canaux d\u2019irrigation, parmi lesquels le r\u00fb du Pan perdu, les rascards, le moulin d\u2019\u00c9tirol et les ruines de l\u2019hospice de Chavacour. Cet hospice se situe le long de l\u2019ancienne route qui reliait Torgnon au canton du Valais, par les cols de Chavacour, de For, de Collomb et du Th\u00e9odule. C\u2019\u00e9tait l\u2019axe du commerce du b\u00e9tail et du vin muscat de Chambave<\/p>\n<p>[\/vc_column_text][\/vc_column][\/vc_row][vc_row][vc_column css=\u00a0\u00bb.vc_custom_1634652507460{padding-top: 20px !important;padding-bottom: 20px !important;}\u00a0\u00bb]<div class=\"qodef-image-gallery qodef-grid-list qodef-disable-bottom-space  qodef-ig-grid-type qodef-three-columns qodef-huge-space  \">\n\t<div class=\"qodef-ig-inner qodef-outer-space\">\n\t\t\t\t\t<div class=\"qodef-ig-image qodef-item-space\">\n\t\t\t\t<div class=\"qodef-ig-image-inner\">\n\t\t\t\t\t\t\t\t\t\t\t<img width=\"1500\" height=\"993\" src=\"https:\/\/gotour.be\/multi\/classedemontagne\/wp-content\/uploads\/sites\/2\/2021\/09\/CDM-17OKOKOK.jpeg\" class=\"attachment-full size-full\" alt=\"\" decoding=\"async\" loading=\"lazy\" srcset=\"https:\/\/gotour.be\/multi\/classedemontagne\/wp-content\/uploads\/sites\/2\/2021\/09\/CDM-17OKOKOK.jpeg 1500w, https:\/\/gotour.be\/multi\/classedemontagne\/wp-content\/uploads\/sites\/2\/2021\/09\/CDM-17OKOKOK-300x199.jpeg 300w, https:\/\/gotour.be\/multi\/classedemontagne\/wp-content\/uploads\/sites\/2\/2021\/09\/CDM-17OKOKOK-1024x678.jpeg 1024w, https:\/\/gotour.be\/multi\/classedemontagne\/wp-content\/uploads\/sites\/2\/2021\/09\/CDM-17OKOKOK-768x508.jpeg 768w\" sizes=\"(max-width: 1500px) 100vw, 1500px\" \/>\t\t\t\t\t\t\t\t\t<\/div>\n\t\t\t<\/div>\n\t\t\t\t\t<div class=\"qodef-ig-image qodef-item-space\">\n\t\t\t\t<div class=\"qodef-ig-image-inner\">\n\t\t\t\t\t\t\t\t\t\t\t<img width=\"1200\" height=\"794\" src=\"https:\/\/gotour.be\/multi\/classedemontagne\/wp-content\/uploads\/sites\/2\/2021\/09\/CDM-18.jpeg\" class=\"attachment-full size-full\" alt=\"\" decoding=\"async\" loading=\"lazy\" srcset=\"https:\/\/gotour.be\/multi\/classedemontagne\/wp-content\/uploads\/sites\/2\/2021\/09\/CDM-18.jpeg 1200w, https:\/\/gotour.be\/multi\/classedemontagne\/wp-content\/uploads\/sites\/2\/2021\/09\/CDM-18-300x199.jpeg 300w, https:\/\/gotour.be\/multi\/classedemontagne\/wp-content\/uploads\/sites\/2\/2021\/09\/CDM-18-1024x678.jpeg 1024w, https:\/\/gotour.be\/multi\/classedemontagne\/wp-content\/uploads\/sites\/2\/2021\/09\/CDM-18-768x508.jpeg 768w\" sizes=\"(max-width: 1200px) 100vw, 1200px\" \/>\t\t\t\t\t\t\t\t\t<\/div>\n\t\t\t<\/div>\n\t\t\t\t\t<div class=\"qodef-ig-image qodef-item-space\">\n\t\t\t\t<div class=\"qodef-ig-image-inner\">\n\t\t\t\t\t\t\t\t\t\t\t<img width=\"1200\" height=\"794\" src=\"https:\/\/gotour.be\/multi\/classedemontagne\/wp-content\/uploads\/sites\/2\/2021\/09\/CDM-19top.jpeg\" class=\"attachment-full size-full\" alt=\"\" decoding=\"async\" loading=\"lazy\" srcset=\"https:\/\/gotour.be\/multi\/classedemontagne\/wp-content\/uploads\/sites\/2\/2021\/09\/CDM-19top.jpeg 1200w, https:\/\/gotour.be\/multi\/classedemontagne\/wp-content\/uploads\/sites\/2\/2021\/09\/CDM-19top-300x199.jpeg 300w, https:\/\/gotour.be\/multi\/classedemontagne\/wp-content\/uploads\/sites\/2\/2021\/09\/CDM-19top-1024x678.jpeg 1024w, https:\/\/gotour.be\/multi\/classedemontagne\/wp-content\/uploads\/sites\/2\/2021\/09\/CDM-19top-768x508.jpeg 768w\" sizes=\"(max-width: 1200px) 100vw, 1200px\" \/>\t\t\t\t\t\t\t\t\t<\/div>\n\t\t\t<\/div>\n\t\t\t<\/div>\n<\/div>[\/vc_column][\/vc_row]<\/p>\n","protected":false},"excerpt":{"rendered":"<p>[vc_column][vc_column_text] Torgnon est situ\u00e9 dans le Val d&rsquo;Aoste, dans la vall\u00e9e de Valtournenche. Le village, plein de charme, est surnomm\u00e9 \u00ab\u00a0le pays du soleil\u00a0\u00bb, il se situe \u00e0 1500 m d&rsquo;altitude. Depuis le Maria Nivis, nous pouvons partir \u00e0 pied [&hellip;]<\/p>\n","protected":false},"author":1,"featured_media":0,"parent":0,"menu_order":2,"comment_status":"closed","ping_status":"closed","template":"","meta":[],"_links":{"self":[{"href":"https:\/\/gotour.be\/multi\/classedemontagne\/wp-json\/wp\/v2\/pages\/5292"}],"collection":[{"href":"https:\/\/gotour.be\/multi\/classedemontagne\/wp-json\/wp\/v2\/pages"}],"about":[{"href":"https:\/\/gotour.be\/multi\/classedemontagne\/wp-json\/wp\/v2\/types\/page"}],"author":[{"embeddable":true,"href":"https:\/\/gotour.be\/multi\/classedemontagne\/wp-json\/wp\/v2\/users\/1"}],"replies":[{"embeddable":true,"href":"https:\/\/gotour.be\/multi\/classedemontagne\/wp-json\/wp\/v2\/comments?post=5292"}],"version-history":[{"count":21,"href":"https:\/\/gotour.be\/multi\/classedemontagne\/wp-json\/wp\/v2\/pages\/5292\/revisions"}],"predecessor-version":[{"id":6280,"href":"https:\/\/gotour.be\/multi\/classedemontagne\/wp-json\/wp\/v2\/pages\/5292\/revisions\/6280"}],"wp:attachment":[{"href":"https:\/\/gotour.be\/multi\/classedemontagne\/wp-json\/wp\/v2\/media?parent=5292"}],"curies":[{"name":"wp","href":"https:\/\/api.w.org\/{rel}","templated":true}]}}