{"id":37,"date":"2018-09-06T12:07:21","date_gmt":"2018-09-06T10:07:21","guid":{"rendered":"http:\/\/setsail.select-themes.com\/?page_id=37"},"modified":"2023-06-20T09:32:28","modified_gmt":"2023-06-20T07:32:28","slug":"main-home","status":"publish","type":"page","link":"https:\/\/gotour.be\/multi\/classedemontagne\/","title":{"rendered":"Accueil"},"content":{"rendered":"<p>[vc_row row_content_width=\u00a0\u00bbgrid\u00a0\u00bb content_text_aligment=\u00a0\u00bbcenter\u00a0\u00bb css=\u00a0\u00bb.vc_custom_1540212068471{margin-top: 106px !important;}\u00a0\u00bb][vc_column offset=\u00a0\u00bbvc_col-lg-offset-3 vc_col-lg-6 vc_col-md-offset-1 vc_col-md-10&Prime;]<div class=\"qodef-section-title-holder \" >\n\t<div class=\"qodef-st-inner\">\n\t\t\t\t\t<span class=\"qodef-st-tagline\" style=\"margin-bottom: -6px\">\n\t\t\t\tSoyez pr\u00eats pour\t\t\t<\/span>\n\t\t\t\t\t\t\t<h1 class=\"qodef-st-title\" >\n\t\t\t\tTorgnon\t\t\t<\/h1>\n\t\t\t\t\t\t\t<p class=\"qodef-st-text\" style=\"font-size: 17px;line-height: 28px\">\n\t\t\t\tNotre destination de pr\u00e9dilection est situ\u00e9e \u00e0 Torgnon dans le Val d\u2019Aoste. Dans la conception du s\u00e9jour, nous recherchons toujours \u00e0 rencontrer deux objectifs : Donner la possibilit\u00e9 aux enfants de d\u00e9couvrir la montagne \u00e0 travers un m\u00e9lange \u00e9quilibr\u00e9 de randonn\u00e9es sportives et de visites culturelles et vivre une exp\u00e9rience de groupe exceptionnelle, adapt\u00e9e et originale, en toute convivialit\u00e9, dans le respect de chacun.\t\t\t<\/p>\n\t\t\t<\/div>\n<\/div>[vc_empty_space height=\u00a0\u00bb62px\u00a0\u00bb][\/vc_column][\/vc_row][vc_row content_placement=\u00a0\u00bbmiddle\u00a0\u00bb content_text_aligment=\u00a0\u00bbcenter\u00a0\u00bb css=\u00a0\u00bb.vc_custom_1539766482430{padding-bottom: 86px !important;}\u00a0\u00bb][vc_column css=\u00a0\u00bb.vc_custom_1540977870937{margin-right: 30px !important;}\u00a0\u00bb]<div class=\"qodef-clients-carousel-holder qodef-cc-hover-hover-info qodef-cc-post-stamp-frame \">\n\t<div class=\"qodef-cc-inner qodef-owl-slider\" data-number-of-items=\"6\" data-slider-margin=\"10\" data-enable-loop=\"yes\" data-enable-autoplay=\"yes\" data-slider-speed=\"5000\" data-slider-speed-animation=\"600\" data-enable-navigation=\"yes\" data-enable-pagination=\"no\" data-enable-center=\"yes\">\n\t\t<div class=\"qodef-cc-item qodef-item-space qodef-cci-has-link\">\n\t\t\t<a itemprop=\"url\" class=\"qodef-cc-link qodef-block-drag-link\" href=\"#\" target=\"_self\">\n\t\t\t\t\t\t<img itemprop=\"image\" class=\"qodef-cc-image\" src=\"https:\/\/gotour.be\/multi\/classedemontagne\/wp-content\/uploads\/sites\/2\/revslider\/main-home\/CDM-13.jpeg\" alt=\"\" \/>\n\t\t\t\t\t\t\t\t\t<\/a>\n\t<\/div><div class=\"qodef-cc-item qodef-item-space qodef-cci-has-link\">\n\t\t\t<a itemprop=\"url\" class=\"qodef-cc-link qodef-block-drag-link\" href=\"#\" target=\"_self\">\n\t\t\t\t\t\t<img itemprop=\"image\" class=\"qodef-cc-image\" src=\"https:\/\/gotour.be\/multi\/classedemontagne\/wp-content\/uploads\/sites\/2\/2021\/09\/nivis4.png\" alt=\"\" \/>\n\t\t\t\t\t\t\t\t\t<\/a>\n\t<\/div><div class=\"qodef-cc-item qodef-item-space qodef-cci-has-link\">\n\t\t\t<a itemprop=\"url\" class=\"qodef-cc-link qodef-block-drag-link\" href=\"#\" target=\"_self\">\n\t\t\t\t\t\t<img itemprop=\"image\" class=\"qodef-cc-image\" src=\"https:\/\/gotour.be\/multi\/classedemontagne\/wp-content\/uploads\/sites\/2\/2021\/09\/CDM-19top.jpeg\" alt=\"\" \/>\n\t\t\t\t\t\t\t\t\t<\/a>\n\t<\/div><div class=\"qodef-cc-item qodef-item-space qodef-cci-has-link\">\n\t\t\t<a itemprop=\"url\" class=\"qodef-cc-link qodef-block-drag-link\" href=\"#\" target=\"_self\">\n\t\t\t\t\t\t<img itemprop=\"image\" class=\"qodef-cc-image\" src=\"https:\/\/gotour.be\/multi\/classedemontagne\/wp-content\/uploads\/sites\/2\/2021\/09\/CDM-17OKOKOK.jpeg\" alt=\"\" \/>\n\t\t\t\t\t\t\t\t\t<\/a>\n\t<\/div><div class=\"qodef-cc-item qodef-item-space qodef-cci-has-link\">\n\t\t\t<a itemprop=\"url\" class=\"qodef-cc-link qodef-block-drag-link\" href=\"#\" target=\"_self\">\n\t\t\t\t\t\t<img itemprop=\"image\" class=\"qodef-cc-image\" src=\"https:\/\/gotour.be\/multi\/classedemontagne\/wp-content\/uploads\/sites\/2\/2021\/09\/CDM-16.jpeg\" alt=\"\" \/>\n\t\t\t\t\t\t\t\t\t<\/a>\n\t<\/div><div class=\"qodef-cc-item qodef-item-space qodef-cci-has-link\">\n\t\t\t<a itemprop=\"url\" class=\"qodef-cc-link qodef-block-drag-link\" href=\"#\" target=\"_self\">\n\t\t\t\t\t\t<img itemprop=\"image\" class=\"qodef-cc-image\" src=\"https:\/\/gotour.be\/multi\/classedemontagne\/wp-content\/uploads\/sites\/2\/2021\/09\/CDM-14.jpeg\" alt=\"\" \/>\n\t\t\t\t\t\t\t\t\t<\/a>\n\t<\/div><div class=\"qodef-cc-item qodef-item-space qodef-cci-has-link\">\n\t\t\t<a itemprop=\"url\" class=\"qodef-cc-link qodef-block-drag-link\" href=\"#\" target=\"_self\">\n\t\t\t\t\t\t<img itemprop=\"image\" class=\"qodef-cc-image\" src=\"https:\/\/gotour.be\/multi\/classedemontagne\/wp-content\/uploads\/sites\/2\/2021\/09\/CDM-11.jpeg\" alt=\"\" \/>\n\t\t\t\t\t\t\t\t\t<\/a>\n\t<\/div><div class=\"qodef-cc-item qodef-item-space qodef-cci-has-link\">\n\t\t\t<a itemprop=\"url\" class=\"qodef-cc-link qodef-block-drag-link\" href=\"#\" target=\"_self\">\n\t\t\t\t\t\t<img itemprop=\"image\" class=\"qodef-cc-image\" src=\"https:\/\/gotour.be\/multi\/classedemontagne\/wp-content\/uploads\/sites\/2\/2021\/09\/CDM-8.jpeg\" alt=\"\" \/>\n\t\t\t\t\t\t\t\t\t<\/a>\n\t<\/div>\t<\/div>\n<\/div>[\/vc_column][\/vc_row][vc_row content_placement=\u00a0\u00bbmiddle\u00a0\u00bb row_content_width=\u00a0\u00bbgrid\u00a0\u00bb disable_background_image=\u00a0\u00bb\u00a0\u00bb content_text_aligment=\u00a0\u00bbcenter\u00a0\u00bb simple_background_image=\u00a0\u00bb6270&Prime; background_image_position=\u00a0\u00bbcenter\u00a0\u00bb][vc_column][vc_row_inner][vc_column_inner]<div class=\"qodef-elements-holder   qodef-one-column  qodef-responsive-mode-768 \" ><div class=\"qodef-eh-item    \"  data-item-class=\"qodef-eh-custom-3261\" data-1367-1600=\"106px 345px 151px\" data-1025-1366=\"106px 250px 151px\" data-769-1024=\"106px 80px 139px\" data-681-768=\"106px 0 260px 0\" data-680=\"106px 0 117px 0\">\n\t<div class=\"qodef-eh-item-inner\">\n\t\t<div class=\"qodef-eh-item-content qodef-eh-custom-3261\" style=\"padding: 106px 345px 451px\">\n\t\t\t<div class=\"qodef-section-title-holder \" >\n\t<div class=\"qodef-st-inner\">\n\t\t\t\t\t<span class=\"qodef-st-tagline\" style=\"color: #ffffff;margin-bottom: -6px\">\n\t\t\t\tD\u00e9couvrez la montagne\t\t\t<\/span>\n\t\t\t\t\t\t\t<h1 class=\"qodef-st-title\" style=\"color: #ffffff\">\n\t\t\t\tDe superbes randonn\u00e9es\t\t\t<\/h1>\n\t\t\t\t\t\t\t<p class=\"qodef-st-text\" style=\"color: #ffffff;font-size: 17px;line-height: 28px\">\n\t\t\t\tJusqu\u2019aux sommets avec des vues imprenables, les randonn\u00e9es en montagne sont magnifiques autour du Cervin en Italie\t\t\t<\/p>\n\t\t\t<\/div>\n<\/div>\t\t<\/div>\n\t<\/div>\n<\/div><\/div>[\/vc_column_inner][\/vc_row_inner][\/vc_column][\/vc_row][vc_row row_content_width=\u00a0\u00bbgrid\u00a0\u00bb content_text_aligment=\u00a0\u00bbcenter\u00a0\u00bb css=\u00a0\u00bb.vc_custom_1539684091316{padding-top: 86px !important;}\u00a0\u00bb][vc_column offset=\u00a0\u00bbvc_col-lg-offset-3 vc_col-lg-6 vc_col-md-offset-1 vc_col-md-10&Prime;]<div class=\"qodef-section-title-holder \" >\n\t<div class=\"qodef-st-inner\">\n\t\t\t\t\t<span class=\"qodef-st-tagline\" style=\"margin-bottom: -6px\">\n\t\t\t\tTout compris\t\t\t<\/span>\n\t\t\t\t\t\t\t<h1 class=\"qodef-st-title\" >\n\t\t\t\tUn voyage\t\t\t<\/h1>\n\t\t\t\t\t\t\t<p class=\"qodef-st-text\" style=\"font-size: 17px;line-height: 28px\">\n\t\t\t\tde septembre \u00e0 novembre et d'avril \u00e0 juin\t\t\t<\/p>\n\t\t\t<\/div>\n<\/div>[\/vc_column][\/vc_row][vc_row row_content_width=\u00a0\u00bbgrid\u00a0\u00bb css=\u00a0\u00bb.vc_custom_1537195066067{padding-top: 124px !important;padding-bottom: 123px !important;}\u00a0\u00bb][vc_column]<div class=\"qodef-elements-holder   qodef-four-columns  qodef-responsive-mode-1024 \" ><div class=\"qodef-eh-item   qodef-horizontal-alignment-center \"  data-item-class=\"qodef-eh-custom-3329\" data-769-1024=\"0 0 48px 0\" data-681-768=\"0 0 48px 0\" data-680=\"0 45px 48px\">\n\t<div class=\"qodef-eh-item-inner\">\n\t\t<div class=\"qodef-eh-item-content qodef-eh-custom-3329\" style=\"padding: 0 45px\">\n\t\t\t<div class=\"qodef-iwt clearfix  qodef-iwt-icon-top qodef-iwt-icon-medium\">\n\t<div class=\"qodef-iwt-icon\">\n\t\t\t\t\t<a itemprop=\"url\" href=\"http:\/\/gotour.be\/multi\/classedemontagne\/randonnees\/\" target=\"_self\">\n\t\t\t\t\t\t\t\t\t<img width=\"76\" height=\"78\" src=\"https:\/\/gotour.be\/multi\/classedemontagne\/wp-content\/uploads\/sites\/2\/2018\/09\/h1-custom-icon-img-1.png\" class=\"attachment-full size-full\" alt=\"a\" decoding=\"async\" loading=\"lazy\" \/>\t\t\t\t\t\t\t\t<\/a>\n\t\t\t<\/div>\n\t<div class=\"qodef-iwt-content\" >\n\t\t\t\t\t<h5 class=\"qodef-iwt-title\" style=\"margin-top: -4px\">\n\t\t\t\t\t\t\t\t\t<a itemprop=\"url\" href=\"http:\/\/gotour.be\/multi\/classedemontagne\/randonnees\/\" target=\"_self\">\n\t\t\t\t\t\t\t\t<span class=\"qodef-iwt-title-text\">Randonn\u00e9es<\/span>\n\t\t\t\t\t\t\t\t\t<\/a>\n\t\t\t\t\t\t\t<\/h5>\n\t\t\t\t\t\t\t<p class=\"qodef-iwt-text\" >magnifiques, vari\u00e9es et adapt\u00e9es au groupe<\/p>\n\t\t\t<\/div>\n<\/div>\t\t<\/div>\n\t<\/div>\n<\/div><div class=\"qodef-eh-item   qodef-horizontal-alignment-center \"  data-item-class=\"qodef-eh-custom-6980\" data-769-1024=\"0 0 48px 0\" data-681-768=\"0 0 48px 0\" data-680=\"0 45px 48px\">\n\t<div class=\"qodef-eh-item-inner\">\n\t\t<div class=\"qodef-eh-item-content qodef-eh-custom-6980\" style=\"padding: 0 45px\">\n\t\t\t<div class=\"qodef-iwt clearfix  qodef-iwt-icon-top qodef-iwt-icon-medium\">\n\t<div class=\"qodef-iwt-icon\">\n\t\t\t\t\t<a itemprop=\"url\" href=\"http:\/\/gotour.be\/multi\/classedemontagne\/torgnon\/\" target=\"_self\">\n\t\t\t\t\t\t\t\t\t<img width=\"76\" height=\"78\" src=\"https:\/\/gotour.be\/multi\/classedemontagne\/wp-content\/uploads\/sites\/2\/2018\/09\/h1-custom-icon-img-2.png\" class=\"attachment-full size-full\" alt=\"a\" decoding=\"async\" loading=\"lazy\" \/>\t\t\t\t\t\t\t\t<\/a>\n\t\t\t<\/div>\n\t<div class=\"qodef-iwt-content\" >\n\t\t\t\t\t<h5 class=\"qodef-iwt-title\" style=\"margin-top: -4px\">\n\t\t\t\t\t\t\t\t\t<a itemprop=\"url\" href=\"http:\/\/gotour.be\/multi\/classedemontagne\/torgnon\/\" target=\"_self\">\n\t\t\t\t\t\t\t\t<span class=\"qodef-iwt-title-text\">Torgnon<\/span>\n\t\t\t\t\t\t\t\t\t<\/a>\n\t\t\t\t\t\t\t<\/h5>\n\t\t\t\t\t\t\t<p class=\"qodef-iwt-text\" >Agr\u00e9able village baign\u00e9 par le soleil, au pied du mont Cervin<\/p>\n\t\t\t<\/div>\n<\/div>\t\t<\/div>\n\t<\/div>\n<\/div><div class=\"qodef-eh-item   qodef-horizontal-alignment-center \"  data-item-class=\"qodef-eh-custom-1485\" data-769-1024=\"0 0 48px 0\" data-681-768=\"0 0 48px 0\" data-680=\"0 45px 48px\">\n\t<div class=\"qodef-eh-item-inner\">\n\t\t<div class=\"qodef-eh-item-content qodef-eh-custom-1485\" style=\"padding: 0 45px\">\n\t\t\t<div class=\"qodef-iwt clearfix  qodef-iwt-icon-top qodef-iwt-icon-medium\">\n\t<div class=\"qodef-iwt-icon\">\n\t\t\t\t\t<a itemprop=\"url\" href=\"http:\/\/gotour.be\/multi\/classedemontagne\/activites\/\" target=\"_self\">\n\t\t\t\t\t\t\t\t\t<img width=\"76\" height=\"78\" src=\"https:\/\/gotour.be\/multi\/classedemontagne\/wp-content\/uploads\/sites\/2\/2018\/09\/h1-custom-icon-img-3.png\" class=\"attachment-full size-full\" alt=\"a\" decoding=\"async\" loading=\"lazy\" \/>\t\t\t\t\t\t\t\t<\/a>\n\t\t\t<\/div>\n\t<div class=\"qodef-iwt-content\" >\n\t\t\t\t\t<h5 class=\"qodef-iwt-title\" style=\"margin-top: -4px\">\n\t\t\t\t\t\t\t\t\t<a itemprop=\"url\" href=\"http:\/\/gotour.be\/multi\/classedemontagne\/activites\/\" target=\"_self\">\n\t\t\t\t\t\t\t\t<span class=\"qodef-iwt-title-text\">Activit\u00e9s<\/span>\n\t\t\t\t\t\t\t\t\t<\/a>\n\t\t\t\t\t\t\t<\/h5>\n\t\t\t\t\t\t\t<p class=\"qodef-iwt-text\" >Visite de la ville d&#039;Aoste<\/p>\n\t\t\t<\/div>\n<\/div>\t\t<\/div>\n\t<\/div>\n<\/div><div class=\"qodef-eh-item   qodef-horizontal-alignment-center \"  data-item-class=\"qodef-eh-custom-6324\">\n\t<div class=\"qodef-eh-item-inner\">\n\t\t<div class=\"qodef-eh-item-content qodef-eh-custom-6324\" style=\"padding: 0 45px\">\n\t\t\t<div class=\"qodef-iwt clearfix  qodef-iwt-icon-top qodef-iwt-icon-medium\">\n\t<div class=\"qodef-iwt-icon\">\n\t\t\t\t\t<a itemprop=\"url\" href=\"http:\/\/gotour.be\/\" target=\"_self\">\n\t\t\t\t\t\t\t\t\t<img width=\"76\" height=\"78\" src=\"https:\/\/gotour.be\/multi\/classedemontagne\/wp-content\/uploads\/sites\/2\/2018\/09\/h1-custom-icon-img-4.png\" class=\"attachment-full size-full\" alt=\"a\" decoding=\"async\" loading=\"lazy\" \/>\t\t\t\t\t\t\t\t<\/a>\n\t\t\t<\/div>\n\t<div class=\"qodef-iwt-content\" >\n\t\t\t\t\t<h5 class=\"qodef-iwt-title\" style=\"margin-top: -4px\">\n\t\t\t\t\t\t\t\t\t<a itemprop=\"url\" href=\"http:\/\/gotour.be\/\" target=\"_self\">\n\t\t\t\t\t\t\t\t<span class=\"qodef-iwt-title-text\">Gotour c&#039;est<\/span>\n\t\t\t\t\t\t\t\t\t<\/a>\n\t\t\t\t\t\t\t<\/h5>\n\t\t\t\t\t\t\t<p class=\"qodef-iwt-text\" >Un accompagnateur 24h\/24 sur place<\/p>\n\t\t\t<\/div>\n<\/div>\t\t<\/div>\n\t<\/div>\n<\/div><\/div>[\/vc_column][\/vc_row]<\/p>\n","protected":false},"excerpt":{"rendered":"<p>[vc_row row_content_width=\u00a0\u00bbgrid\u00a0\u00bb content_text_aligment=\u00a0\u00bbcenter\u00a0\u00bb css=\u00a0\u00bb.vc_custom_1540212068471{margin-top: 106px !important;}\u00a0\u00bb][vc_column offset=\u00a0\u00bbvc_col-lg-offset-3 vc_col-lg-6 vc_col-md-offset-1 vc_col-md-10&Prime;][vc_empty_space height=\u00a0\u00bb62px\u00a0\u00bb][\/vc_column][\/vc_row][vc_row content_placement=\u00a0\u00bbmiddle\u00a0\u00bb content_text_aligment=\u00a0\u00bbcenter\u00a0\u00bb css=\u00a0\u00bb.vc_custom_1539766482430{padding-bottom: 86px !important;}\u00a0\u00bb][vc_column css=\u00a0\u00bb.vc_custom_1540977870937{margin-right: 30px !important;}\u00a0\u00bb][\/vc_column][\/vc_row][vc_row content_placement=\u00a0\u00bbmiddle\u00a0\u00bb row_content_width=\u00a0\u00bbgrid\u00a0\u00bb disable_background_image=\u00a0\u00bb\u00a0\u00bb content_text_aligment=\u00a0\u00bbcenter\u00a0\u00bb simple_background_image=\u00a0\u00bb6270&Prime; background_image_position=\u00a0\u00bbcenter\u00a0\u00bb][vc_column][vc_row_inner][vc_column_inner][\/vc_column_inner][\/vc_row_inner][\/vc_column][\/vc_row][vc_row row_content_width=\u00a0\u00bbgrid\u00a0\u00bb content_text_aligment=\u00a0\u00bbcenter\u00a0\u00bb css=\u00a0\u00bb.vc_custom_1539684091316{padding-top: 86px !important;}\u00a0\u00bb][vc_column offset=\u00a0\u00bbvc_col-lg-offset-3 vc_col-lg-6 vc_col-md-offset-1 vc_col-md-10&Prime;][\/vc_column][\/vc_row][vc_row row_content_width=\u00a0\u00bbgrid\u00a0\u00bb css=\u00a0\u00bb.vc_custom_1537195066067{padding-top: 124px !important;padding-bottom: 123px !important;}\u00a0\u00bb][vc_column][\/vc_column][\/vc_row]<\/p>\n","protected":false},"author":1,"featured_media":0,"parent":0,"menu_order":3,"comment_status":"closed","ping_status":"closed","template":"full-width.php","meta":[],"_links":{"self":[{"href":"https:\/\/gotour.be\/multi\/classedemontagne\/wp-json\/wp\/v2\/pages\/37"}],"collection":[{"href":"https:\/\/gotour.be\/multi\/classedemontagne\/wp-json\/wp\/v2\/pages"}],"about":[{"href":"https:\/\/gotour.be\/multi\/classedemontagne\/wp-json\/wp\/v2\/types\/page"}],"author":[{"embeddable":true,"href":"https:\/\/gotour.be\/multi\/classedemontagne\/wp-json\/wp\/v2\/users\/1"}],"replies":[{"embeddable":true,"href":"https:\/\/gotour.be\/multi\/classedemontagne\/wp-json\/wp\/v2\/comments?post=37"}],"version-history":[{"count":47,"href":"https:\/\/gotour.be\/multi\/classedemontagne\/wp-json\/wp\/v2\/pages\/37\/revisions"}],"predecessor-version":[{"id":6276,"href":"https:\/\/gotour.be\/multi\/classedemontagne\/wp-json\/wp\/v2\/pages\/37\/revisions\/6276"}],"wp:attachment":[{"href":"https:\/\/gotour.be\/multi\/classedemontagne\/wp-json\/wp\/v2\/media?parent=37"}],"curies":[{"name":"wp","href":"https:\/\/api.w.org\/{rel}","templated":true}]}}