{"id":2,"date":"2021-09-13T21:55:20","date_gmt":"2021-09-13T19:55:20","guid":{"rendered":"http:\/\/gotour.be\/multi\/?page_id=2"},"modified":"2024-06-11T14:46:58","modified_gmt":"2024-06-11T12:46:58","slug":"page-d-exemple","status":"publish","type":"page","link":"http:\/\/gotour.be\/multi\/","title":{"rendered":"Accueil"},"content":{"rendered":"<p>[vc_row][vc_column][vc_single_image image=\u00a0\u00bb28&Prime; img_size=\u00a0\u00bbmedium\u00a0\u00bb alignment=\u00a0\u00bbcenter\u00a0\u00bb][vc_empty_space height=\u00a0\u00bb20px\u00a0\u00bb][\/vc_column][\/vc_row][vc_row full_width=\u00a0\u00bbstretch_row_content_no_spaces\u00a0\u00bb][vc_column][vc_separator color=\u00a0\u00bbcustom\u00a0\u00bb accent_color=\u00a0\u00bb#00afdb\u00a0\u00bb css=\u00a0\u00bb.vc_custom_1686153657763{border-top-width: 50px !important;background-color: #00afdb !important;border-top-color: #00afdb !important;border-top-style: solid !important;}\u00a0\u00bb][vc_empty_space height=\u00a0\u00bb7px\u00a0\u00bb][\/vc_column][\/vc_row][vc_row row_content_width=\u00a0\u00bbgrid\u00a0\u00bb content_text_aligment=\u00a0\u00bbcenter\u00a0\u00bb el_class=\u00a0\u00bbhomepage\u00a0\u00bb css=\u00a0\u00bb.vc_custom_1687191556142{background-image: url(http:\/\/gotour.be\/multi\/wp-content\/uploads\/2023\/06\/homepage7.jpg?id=145) !important;}\u00a0\u00bb][vc_column][vc_row_inner equal_height=\u00a0\u00bbyes\u00a0\u00bb css=\u00a0\u00bb.vc_custom_1686380126422{border-top-width: 200px !important;border-bottom-width: 200px !important;}\u00a0\u00bb][vc_column_inner width=\u00a0\u00bb1\/3&Prime;][vc_empty_space height=\u00a0\u00bb190px\u00a0\u00bb][vc_single_image image=\u00a0\u00bb94&Prime; img_size=\u00a0\u00bbfull\u00a0\u00bb onclick=\u00a0\u00bbcustom_link\u00a0\u00bb img_link_target=\u00a0\u00bb_blank\u00a0\u00bb css_animation=\u00a0\u00bbbounceIn\u00a0\u00bb link=\u00a0\u00bbhttp:\/\/www.voyagerheto.be\/\u00a0\u00bb el_class=\u00a0\u00bbvingre\u00a0\u00bb][vc_empty_space height=\u00a0\u00bb190px\u00a0\u00bb][\/vc_column_inner][vc_column_inner width=\u00a0\u00bb1\/3&Prime;][vc_empty_space height=\u00a0\u00bb190px\u00a0\u00bb][vc_single_image image=\u00a0\u00bb92&Prime; img_size=\u00a0\u00bbfull\u00a0\u00bb onclick=\u00a0\u00bbcustom_link\u00a0\u00bb css_animation=\u00a0\u00bbbounceIn\u00a0\u00bb link=\u00a0\u00bbhttp:\/\/www.classedemontagne.be\/\u00a0\u00bb][vc_empty_space height=\u00a0\u00bb190px\u00a0\u00bb][\/vc_column_inner][vc_column_inner width=\u00a0\u00bb1\/3&Prime;][vc_empty_space height=\u00a0\u00bb190px\u00a0\u00bb][vc_single_image image=\u00a0\u00bb93&Prime; img_size=\u00a0\u00bbfull\u00a0\u00bb onclick=\u00a0\u00bbcustom_link\u00a0\u00bb css_animation=\u00a0\u00bbbounceIn\u00a0\u00bb link=\u00a0\u00bbhttp:\/\/www.classedeneige.be\/\u00a0\u00bb][vc_empty_space height=\u00a0\u00bb190px\u00a0\u00bb][\/vc_column_inner][\/vc_row_inner][\/vc_column][\/vc_row][vc_row css=\u00a0\u00bb.vc_custom_1686379865514{padding-top: 0px !important;}\u00a0\u00bb][vc_column][vc_empty_space height=\u00a0\u00bb7px\u00a0\u00bb][\/vc_column][\/vc_row][vc_row full_width=\u00a0\u00bbstretch_row\u00a0\u00bb css=\u00a0\u00bb.vc_custom_1686154141821{background-color: #ca006c !important;}\u00a0\u00bb][vc_column][vc_row_inner row_content_width=\u00a0\u00bbgrid\u00a0\u00bb][vc_column_inner][vc_column_text el_class=\u00a0\u00bbtexte-blanc\u00a0\u00bb css=\u00a0\u00bb.vc_custom_1686155326459{padding-top: 0px !important;padding-bottom: 35px !important;}\u00a0\u00bb]En tant qu\u2019agence de voyages, GOtour organise exclusivement des s\u00e9jours p\u00e9dagogiques : classes de neige ou de montagne ( Torgnon, en Italie) ainsi que des voyages rh\u00e9tos (Prague, Barcelone, Italie, Malte, Croatie).<\/p>\n<p>Avec plus de 30 ann\u00e9es d\u2019exp\u00e9rience, notre \u00e9quipe est constitu\u00e9e d\u2019enseignants et de professionnels du tourisme. Cette compl\u00e9mentarit\u00e9 vous garantit des s\u00e9jours adapt\u00e9s, sur mesure, avec une parfaite organisation.<br \/>\nGOtour, c\u2019est aussi une agence \u00e9v\u00e9nementielle destin\u00e9e aux entreprises: organisation de team buildings ou de s\u00e9jours incentive.<\/p>\n<p>N\u2019h\u00e9sitez pas \u00e0 nous contacter, c\u2019est avec le plus grand plaisir que nous nous rencontrerons pour vous expliquer en d\u00e9tails nos destinations.[\/vc_column_text][\/vc_column_inner][\/vc_row_inner][\/vc_column][\/vc_row][vc_row][vc_column][vc_empty_space height=\u00a0\u00bb7px\u00a0\u00bb][\/vc_column][\/vc_row][vc_row full_width=\u00a0\u00bbstretch_row\u00a0\u00bb css=\u00a0\u00bb.vc_custom_1686378229612{background-color: #00afdb !important;}\u00a0\u00bb][vc_column][vc_row_inner row_content_width=\u00a0\u00bbgrid\u00a0\u00bb][vc_column_inner][vc_column_text el_class=\u00a0\u00bbtexte-blanc\u00a0\u00bb css=\u00a0\u00bb.vc_custom_1718110016420{padding-top: 0px !important;padding-bottom: 35px !important;}\u00a0\u00bb]<\/p>\n<section class=\"contact\">\n<h4 class=\"contact__title\" style=\"text-align: center;\">Contact\u00a0:<\/h4>\n<h5 class=\"contact__text\" style=\"text-align: center;\">Lyd\u00e9ric Blanpain : +32 478 39 82 94<br \/>\nMarjorie Mourue +32 479 81 06 37<br \/>\nMarc Vingre : +32 477 68 57 87<br \/>\n<a class=\"contact__email\" href=\"mailto:info@gotour.be\">info@gotour.be<\/a><\/h5>\n<div class=\"qodef-position-left\">\n<div class=\"qodef-position-left-inner\" style=\"text-align: center;\"><span class=\"qodef-icon-text \">GOtour srl Travel Agency &#8211; Rue Hougaerde, 28b, 6142 Leernes &#8211; BE0541.935.238<\/span><\/div>\n<\/div>\n<\/section>\n<p style=\"text-align: center; font-size: 10px;\">Notre agence est reconnue par le Commissariat G\u00e9n\u00e9ral au Tourisme.<br \/>\nNous sommes membres de l&rsquo;U.P.A.V. et de la B.T.A.<br \/>\nNous sommes donc assur\u00e9s en responsabilit\u00e9 civile professionnelle et contre l&rsquo;insolvabilit\u00e9<\/p>\n<p>[\/vc_column_text][\/vc_column_inner][\/vc_row_inner][\/vc_column][\/vc_row]<\/p>\n","protected":false},"excerpt":{"rendered":"<p>[vc_row][vc_column][vc_single_image image=\u00a0\u00bb28&Prime; img_size=\u00a0\u00bbmedium\u00a0\u00bb alignment=\u00a0\u00bbcenter\u00a0\u00bb][vc_empty_space height=\u00a0\u00bb20px\u00a0\u00bb][\/vc_column][\/vc_row][vc_row full_width=\u00a0\u00bbstretch_row_content_no_spaces\u00a0\u00bb][vc_column][vc_separator color=\u00a0\u00bbcustom\u00a0\u00bb accent_color=\u00a0\u00bb#00afdb\u00a0\u00bb css=\u00a0\u00bb.vc_custom_1686153657763{border-top-width: 50px !important;background-color: #00afdb !important;border-top-color: #00afdb !important;border-top-style: solid !important;}\u00a0\u00bb][vc_empty_space height=\u00a0\u00bb7px\u00a0\u00bb][\/vc_column][\/vc_row][vc_row row_content_width=\u00a0\u00bbgrid\u00a0\u00bb content_text_aligment=\u00a0\u00bbcenter\u00a0\u00bb el_class=\u00a0\u00bbhomepage\u00a0\u00bb css=\u00a0\u00bb.vc_custom_1687191556142{background-image: url(http:\/\/gotour.be\/multi\/wp-content\/uploads\/2023\/06\/homepage7.jpg?id=145) !important;}\u00a0\u00bb][vc_column][vc_row_inner equal_height=\u00a0\u00bbyes\u00a0\u00bb css=\u00a0\u00bb.vc_custom_1686380126422{border-top-width: 200px !important;border-bottom-width: 200px !important;}\u00a0\u00bb][vc_column_inner width=\u00a0\u00bb1\/3&Prime;][vc_empty_space height=\u00a0\u00bb190px\u00a0\u00bb][vc_single_image image=\u00a0\u00bb94&Prime; img_size=\u00a0\u00bbfull\u00a0\u00bb onclick=\u00a0\u00bbcustom_link\u00a0\u00bb img_link_target=\u00a0\u00bb_blank\u00a0\u00bb css_animation=\u00a0\u00bbbounceIn\u00a0\u00bb link=\u00a0\u00bbhttp:\/\/www.voyagerheto.be\/\u00a0\u00bb el_class=\u00a0\u00bbvingre\u00a0\u00bb][vc_empty_space height=\u00a0\u00bb190px\u00a0\u00bb][\/vc_column_inner][vc_column_inner [&hellip;]<\/p>\n","protected":false},"author":1,"featured_media":0,"parent":0,"menu_order":0,"comment_status":"closed","ping_status":"open","template":"","meta":[],"_links":{"self":[{"href":"http:\/\/gotour.be\/multi\/wp-json\/wp\/v2\/pages\/2"}],"collection":[{"href":"http:\/\/gotour.be\/multi\/wp-json\/wp\/v2\/pages"}],"about":[{"href":"http:\/\/gotour.be\/multi\/wp-json\/wp\/v2\/types\/page"}],"author":[{"embeddable":true,"href":"http:\/\/gotour.be\/multi\/wp-json\/wp\/v2\/users\/1"}],"replies":[{"embeddable":true,"href":"http:\/\/gotour.be\/multi\/wp-json\/wp\/v2\/comments?post=2"}],"version-history":[{"count":96,"href":"http:\/\/gotour.be\/multi\/wp-json\/wp\/v2\/pages\/2\/revisions"}],"predecessor-version":[{"id":149,"href":"http:\/\/gotour.be\/multi\/wp-json\/wp\/v2\/pages\/2\/revisions\/149"}],"wp:attachment":[{"href":"http:\/\/gotour.be\/multi\/wp-json\/wp\/v2\/media?parent=2"}],"curies":[{"name":"wp","href":"https:\/\/api.w.org\/{rel}","templated":true}]}}