{"id":5313,"date":"2021-09-21T20:07:27","date_gmt":"2021-09-21T18:07:27","guid":{"rendered":"http:\/\/gotour.be\/multi\/voyageretho\/?page_id=5313"},"modified":"2023-01-12T20:55:44","modified_gmt":"2023-01-12T19:55:44","slug":"tarifs","status":"publish","type":"page","link":"http:\/\/gotour.be\/multi\/voyageretho\/tarifs\/","title":{"rendered":"Tarifs"},"content":{"rendered":"\n<p>Les tarifs sont fonction de la destination, du&nbsp;contenu du programme, des dates choisies, de la dur\u00e9e du s\u00e9jour, du nombre de participants, &#8230;<\/p>\n\n\n\n<p>Nous nous refusons de pratiquer&nbsp;la politique du prix d&rsquo;appel.&nbsp;Nous \u00e9tablissons un budget (clair et sans suppl\u00e9ment)&nbsp;seulement apr\u00e8s avoir finalis\u00e9 le programme.<\/p>\n\n\n\n<p>N&rsquo;h\u00e9sitez pas \u00e0 nous contacter, c&rsquo;est avec le plus grand plaisir que nous nous d\u00e9placerons dans votre \u00e9tablissement afin de mettre au point le programme qui correspond au mieux \u00e0 vos attentes et \u00e0 votre budget.<\/p>\n","protected":false},"excerpt":{"rendered":"<p>Les tarifs sont fonction de la destination, du&nbsp;contenu du programme, des dates choisies, de la dur\u00e9e du s\u00e9jour, du nombre de participants, &#8230; Nous nous refusons de pratiquer&nbsp;la politique du prix d&rsquo;appel.&nbsp;Nous \u00e9tablissons un budget (clair et sans suppl\u00e9ment)&nbsp;seulement apr\u00e8s [&hellip;]<\/p>\n","protected":false},"author":1,"featured_media":0,"parent":0,"menu_order":0,"comment_status":"closed","ping_status":"closed","template":"","meta":[],"_links":{"self":[{"href":"http:\/\/gotour.be\/multi\/voyageretho\/wp-json\/wp\/v2\/pages\/5313"}],"collection":[{"href":"http:\/\/gotour.be\/multi\/voyageretho\/wp-json\/wp\/v2\/pages"}],"about":[{"href":"http:\/\/gotour.be\/multi\/voyageretho\/wp-json\/wp\/v2\/types\/page"}],"author":[{"embeddable":true,"href":"http:\/\/gotour.be\/multi\/voyageretho\/wp-json\/wp\/v2\/users\/1"}],"replies":[{"embeddable":true,"href":"http:\/\/gotour.be\/multi\/voyageretho\/wp-json\/wp\/v2\/comments?post=5313"}],"version-history":[{"count":1,"href":"http:\/\/gotour.be\/multi\/voyageretho\/wp-json\/wp\/v2\/pages\/5313\/revisions"}],"predecessor-version":[{"id":5314,"href":"http:\/\/gotour.be\/multi\/voyageretho\/wp-json\/wp\/v2\/pages\/5313\/revisions\/5314"}],"wp:attachment":[{"href":"http:\/\/gotour.be\/multi\/voyageretho\/wp-json\/wp\/v2\/media?parent=5313"}],"curies":[{"name":"wp","href":"https:\/\/api.w.org\/{rel}","templated":true}]}}