{"id":5309,"date":"2021-09-21T19:53:21","date_gmt":"2021-09-21T17:53:21","guid":{"rendered":"http:\/\/gotour.be\/multi\/voyageretho\/?page_id=5309"},"modified":"2023-01-12T20:52:22","modified_gmt":"2023-01-12T19:52:22","slug":"programmes","status":"publish","type":"page","link":"http:\/\/gotour.be\/multi\/voyageretho\/programmes\/","title":{"rendered":"Programme"},"content":{"rendered":"\n<p>Nos programmes sont consistants, vari\u00e9s, sp\u00e9cifiques. Ils sont con\u00e7us sur mesure en respectant les souhaits des enseignants et des \u00e9l\u00e8ves.<\/p>\n\n\n\n<p>Ils proposent en g\u00e9n\u00e9ral trois activit\u00e9s par jour et s&rsquo;articulent autour de trois axes:<\/p>\n\n\n\n<ul>\n<li>&nbsp;<strong>Les incontournables<\/strong>: visites des principaux atouts de la ville (monuments, mus\u00e9es, &#8230;)<\/li>\n\n\n\n<li><strong>&nbsp;Les excursions:<\/strong>&nbsp;d\u00e9couverte de la r\u00e9gion<\/li>\n\n\n\n<li><strong>&nbsp;Team Building:<\/strong>&nbsp;Activit\u00e9s originales sp\u00e9cifiques de groupe (v\u00e9lo, bateau, karting, m\u00e9har\u00e9e, soir\u00e9e folklorique ou m\u00e9di\u00e9vale, disco, jeu de pistes, quizz, kayak,&nbsp;tapas tour, &#8230;)<\/li>\n<\/ul>\n\n\n\n<p>Nous trouvons coh\u00e9rent de ne pas imposer la visite de tous les mus\u00e9es \u00e0 tous les \u00e9l\u00e8ves. Ceux-ci sont convi\u00e9s \u00e0 faire un choix dans une liste en fonction de leurs affinit\u00e9s.<br><\/p>\n\n\n\n<p>&nbsp;Les s\u00e9jours sont encadr\u00e9s par un accompagnateur&nbsp;\u00ab\u00a0voyagerheto.be\u00a0\u00bb professionnel et exp\u00e9riment\u00e9.<\/p>\n\n\n\n<p>Nous conseillons aux enseignants d&rsquo;organiser avant le d\u00e9part une sensibilisation \u00e0 la culture, au patrimoine et \u00e0 l&rsquo;histoire de la destination choisie.<\/p>\n\n\n\n<p>C&rsquo;est avec plaisir que nous pouvons pr\u00e9senter le s\u00e9jour aux \u00e9l\u00e8ves et aux parents.<\/p>\n\n\n\n<p>Nous vous aiderons \u00e9galement \u00e0 constituer un dossier p\u00e9dagogique pour chaque \u00e9l\u00e8ve.<\/p>\n","protected":false},"excerpt":{"rendered":"<p>Nos programmes sont consistants, vari\u00e9s, sp\u00e9cifiques. Ils sont con\u00e7us sur mesure en respectant les souhaits des enseignants et des \u00e9l\u00e8ves. Ils proposent en g\u00e9n\u00e9ral trois activit\u00e9s par jour et s&rsquo;articulent autour de trois axes: Nous trouvons coh\u00e9rent de ne pas [&hellip;]<\/p>\n","protected":false},"author":1,"featured_media":0,"parent":0,"menu_order":0,"comment_status":"closed","ping_status":"closed","template":"","meta":[],"_links":{"self":[{"href":"http:\/\/gotour.be\/multi\/voyageretho\/wp-json\/wp\/v2\/pages\/5309"}],"collection":[{"href":"http:\/\/gotour.be\/multi\/voyageretho\/wp-json\/wp\/v2\/pages"}],"about":[{"href":"http:\/\/gotour.be\/multi\/voyageretho\/wp-json\/wp\/v2\/types\/page"}],"author":[{"embeddable":true,"href":"http:\/\/gotour.be\/multi\/voyageretho\/wp-json\/wp\/v2\/users\/1"}],"replies":[{"embeddable":true,"href":"http:\/\/gotour.be\/multi\/voyageretho\/wp-json\/wp\/v2\/comments?post=5309"}],"version-history":[{"count":2,"href":"http:\/\/gotour.be\/multi\/voyageretho\/wp-json\/wp\/v2\/pages\/5309\/revisions"}],"predecessor-version":[{"id":5416,"href":"http:\/\/gotour.be\/multi\/voyageretho\/wp-json\/wp\/v2\/pages\/5309\/revisions\/5416"}],"wp:attachment":[{"href":"http:\/\/gotour.be\/multi\/voyageretho\/wp-json\/wp\/v2\/media?parent=5309"}],"curies":[{"name":"wp","href":"https:\/\/api.w.org\/{rel}","templated":true}]}}