{"id":37,"date":"2018-09-06T12:07:21","date_gmt":"2018-09-06T12:07:21","guid":{"rendered":"http:\/\/setsail.select-themes.com\/?page_id=37"},"modified":"2024-06-13T15:19:04","modified_gmt":"2024-06-13T13:19:04","slug":"main-home","status":"publish","type":"page","link":"http:\/\/gotour.be\/multi\/voyageretho\/","title":{"rendered":"Voyage R\u00e9tho"},"content":{"rendered":"<p>[vc_row row_content_width=\u00a0\u00bbgrid\u00a0\u00bb content_text_aligment=\u00a0\u00bbcenter\u00a0\u00bb css=\u00a0\u00bb.vc_custom_1540212068471{margin-top: 106px !important;}\u00a0\u00bb][vc_column offset=\u00a0\u00bbvc_col-lg-offset-3 vc_col-lg-6 vc_col-md-offset-1 vc_col-md-10&Prime;]<div class=\"qodef-section-title-holder \" >\n\t<div class=\"qodef-st-inner\">\n\t\t\t\t\t<span class=\"qodef-st-tagline\" style=\"margin-bottom: -6px\">\n\t\t\t\tProfitez entre r\u00e9tho\t\t\t<\/span>\n\t\t\t\t\t\t\t<h1 class=\"qodef-st-title\" >\n\t\t\t\tUne voyage parfait\t\t\t<\/h1>\n\t\t\t\t\t\t\t<p class=\"qodef-st-text\" style=\"font-size: 17px;line-height: 28px\">\n\t\t\t\tL'\u00e9quipe ``voyagerheto.be`` est constitu\u00e9e d'un savant m\u00e9lange d'enseignants et de professionnels du tourisme. Nous poss\u00e9dons plus de trente ann\u00e9es d'exp\u00e9rience dans l'organisation de s\u00e9jours p\u00e9dagogiques: voyage rh\u00e9to, classe de neige, classe verte, de l'excursion en Belgique au s\u00e9jour \u00e0 travers le monde.\t\t\t<\/p>\n\t\t\t<\/div>\n<\/div>[\/vc_column][\/vc_row][vc_row content_placement=\u00a0\u00bbmiddle\u00a0\u00bb content_text_aligment=\u00a0\u00bbcenter\u00a0\u00bb css=\u00a0\u00bb.vc_custom_1539766482430{padding-bottom: 86px !important;}\u00a0\u00bb][vc_column css=\u00a0\u00bb.vc_custom_1540977870937{margin-right: 30px !important;}\u00a0\u00bb]<div class=\"qodef-clients-carousel-holder qodef-cc-hover-hover-info qodef-cc-post-stamp-frame \">\n\t<div class=\"qodef-cc-inner qodef-owl-slider\" data-number-of-items=\"6\" data-slider-margin=\"10\" data-enable-loop=\"yes\" data-enable-autoplay=\"yes\" data-slider-speed=\"5000\" data-slider-speed-animation=\"600\" data-enable-navigation=\"yes\" data-enable-pagination=\"no\" data-enable-center=\"yes\">\n\t\t<div class=\"qodef-cc-item qodef-item-space qodef-cci-has-link\">\n\t\t\t<a itemprop=\"url\" class=\"qodef-cc-link qodef-block-drag-link\" href=\"#\" target=\"_self\">\n\t\t\t\t\t\t<img itemprop=\"image\" class=\"qodef-cc-image\" src=\"http:\/\/gotour.be\/multi\/voyageretho\/wp-content\/uploads\/sites\/3\/2021\/09\/Prague-30_587_440_90.jpeg\" alt=\"\" \/>\n\t\t\t\t\t\t\t\t\t<\/a>\n\t<\/div><div class=\"qodef-cc-item qodef-item-space qodef-cci-has-link\">\n\t\t\t<a itemprop=\"url\" class=\"qodef-cc-link qodef-block-drag-link\" href=\"#\" target=\"_self\">\n\t\t\t\t\t\t<img itemprop=\"image\" class=\"qodef-cc-image\" src=\"http:\/\/gotour.be\/multi\/voyageretho\/wp-content\/uploads\/sites\/3\/2021\/09\/Prague-10_587_390_90.jpeg\" alt=\"\" \/>\n\t\t\t\t\t\t\t\t\t<\/a>\n\t<\/div><div class=\"qodef-cc-item qodef-item-space qodef-cci-has-link\">\n\t\t\t<a itemprop=\"url\" class=\"qodef-cc-link qodef-block-drag-link\" href=\"#\" target=\"_self\">\n\t\t\t\t\t\t<img itemprop=\"image\" class=\"qodef-cc-image\" src=\"http:\/\/gotour.be\/multi\/voyageretho\/wp-content\/uploads\/sites\/3\/2021\/09\/Dubrovnik-25_587_440_90.jpeg\" alt=\"\" \/>\n\t\t\t\t\t\t\t\t\t<\/a>\n\t<\/div><div class=\"qodef-cc-item qodef-item-space qodef-cci-has-link\">\n\t\t\t<a itemprop=\"url\" class=\"qodef-cc-link qodef-block-drag-link\" href=\"#\" target=\"_self\">\n\t\t\t\t\t\t<img itemprop=\"image\" class=\"qodef-cc-image\" src=\"http:\/\/gotour.be\/multi\/voyageretho\/wp-content\/uploads\/sites\/3\/2021\/09\/Dubrovnik-11_587_440_90.jpeg\" alt=\"\" \/>\n\t\t\t\t\t\t\t\t\t<\/a>\n\t<\/div><div class=\"qodef-cc-item qodef-item-space qodef-cci-has-link\">\n\t\t\t<a itemprop=\"url\" class=\"qodef-cc-link qodef-block-drag-link\" href=\"#\" target=\"_self\">\n\t\t\t\t\t\t<img itemprop=\"image\" class=\"qodef-cc-image\" src=\"http:\/\/gotour.be\/multi\/voyageretho\/wp-content\/uploads\/sites\/3\/2021\/09\/Dubrovnik-7_587_440_90.jpeg\" alt=\"\" \/>\n\t\t\t\t\t\t\t\t\t<\/a>\n\t<\/div><div class=\"qodef-cc-item qodef-item-space qodef-cci-has-link\">\n\t\t\t<a itemprop=\"url\" class=\"qodef-cc-link qodef-block-drag-link\" href=\"#\" target=\"_self\">\n\t\t\t\t\t\t<img itemprop=\"image\" class=\"qodef-cc-image\" src=\"http:\/\/gotour.be\/multi\/voyageretho\/wp-content\/uploads\/sites\/3\/2021\/09\/Dubrovnik-1_587_391_90.jpeg\" alt=\"\" \/>\n\t\t\t\t\t\t\t\t\t<\/a>\n\t<\/div><div class=\"qodef-cc-item qodef-item-space qodef-cci-has-link\">\n\t\t\t<a itemprop=\"url\" class=\"qodef-cc-link qodef-block-drag-link\" href=\"#\" target=\"_self\">\n\t\t\t\t\t\t<img itemprop=\"image\" class=\"qodef-cc-image\" src=\"http:\/\/gotour.be\/multi\/voyageretho\/wp-content\/uploads\/sites\/3\/2021\/09\/Croatie-Venise-6_587_394_90.jpeg\" alt=\"\" \/>\n\t\t\t\t\t\t\t\t\t<\/a>\n\t<\/div><div class=\"qodef-cc-item qodef-item-space qodef-cci-has-link\">\n\t\t\t<a itemprop=\"url\" class=\"qodef-cc-link qodef-block-drag-link\" href=\"#\" target=\"_self\">\n\t\t\t\t\t\t<img itemprop=\"image\" class=\"qodef-cc-image\" src=\"http:\/\/gotour.be\/multi\/voyageretho\/wp-content\/uploads\/sites\/3\/2021\/09\/Croatie-Venise-1_587_394_90.jpeg\" alt=\"\" \/>\n\t\t\t\t\t\t\t\t\t<\/a>\n\t<\/div>\t<\/div>\n<\/div>[\/vc_column][\/vc_row][vc_row row_content_width=\u00a0\u00bbgrid\u00a0\u00bb disable_background_image=\u00a0\u00bb768&Prime; content_text_aligment=\u00a0\u00bbcenter\u00a0\u00bb css=\u00a0\u00bb.vc_custom_1632264331802{padding-top: 90px !important;padding-bottom: 130px !important;background-position: 0 0 !important;background-repeat: no-repeat !important;}\u00a0\u00bb simple_background_color=\u00a0\u00bb#f8f8f8&Prime; simple_background_image=\u00a0\u00bb3145&Prime;][vc_column offset=\u00a0\u00bbvc_col-lg-offset-0 vc_col-lg-12 vc_col-md-offset-0 vc_col-md-12&Prime;][vc_row_inner][vc_column_inner offset=\u00a0\u00bbvc_col-lg-offset-3 vc_col-lg-6 vc_col-md-offset-1 vc_col-md-10&Prime;]<div class=\"qodef-section-title-holder \" >\n\t<div class=\"qodef-st-inner\">\n\t\t\t\t\t<span class=\"qodef-st-tagline\" style=\"margin-bottom: -6px\">\n\t\t\t\tChoisissez votre\t\t\t<\/span>\n\t\t\t\t\t\t\t<h1 class=\"qodef-st-title\" >\n\t\t\t\tDestination\t\t\t<\/h1>\n\t\t\t\t\t\t\t<p class=\"qodef-st-text\" style=\"font-size: 17px;line-height: 28px\">\n\t\t\t\tNos destinations de pr\u00e9dilection sont: Prague, Barcelone, Istrie (+Slov\u00e9nie, Plivitce, Venise), Dubrovnik (+Sarajevo), Italie\t\t\t<\/p>\n\t\t\t<\/div>\n<\/div>[vc_empty_space height=\u00a0\u00bb62px\u00a0\u00bb][\/vc_column_inner][\/vc_row_inner][vc_row_inner css=\u00a0\u00bb.vc_custom_1539161528309{padding-right: 4.6% !important;padding-left: 4.6% !important;}\u00a0\u00bb][vc_column_inner]<div class=\"qodef-tours-destination-holder qodef-destination-standard qodef-grid-list qodef-disable-bottom-space qodef-three-columns qodef-normal-space qodef-has-rounded-style qodef-has-overlay-style\">\n\t<div class=\"qodef-td-inner qodef-outer-space\">\n\t\t\t\t\t\t\t\t\t<div class=\"qodef-td-item qodef-item-space\">\n\t\t\t\t\t<div class=\"qodef-tdi-content\">\n\t\t\t\t\t\t\t<div class=\"qodef-tdi-image\">\n\t\t\t\t\t\t\t\t<img width=\"650\" height=\"650\" src=\"http:\/\/gotour.be\/multi\/voyageretho\/wp-content\/uploads\/sites\/3\/2018\/09\/prague6-650x650.jpg\" class=\"attachment-setsail_select_image_square size-setsail_select_image_square wp-post-image\" alt=\"\" decoding=\"async\" loading=\"lazy\" srcset=\"http:\/\/gotour.be\/multi\/voyageretho\/wp-content\/uploads\/sites\/3\/2018\/09\/prague6-650x650.jpg 650w, http:\/\/gotour.be\/multi\/voyageretho\/wp-content\/uploads\/sites\/3\/2018\/09\/prague6-150x150.jpg 150w, http:\/\/gotour.be\/multi\/voyageretho\/wp-content\/uploads\/sites\/3\/2018\/09\/prague6-1300x1300.jpg 1300w\" sizes=\"(max-width: 650px) 100vw, 650px\" \/>\t\t\t\t\t\t\t<\/div>\n\t\t\t\t\t\t\t<a class=\"qodef-tdi-content-link\" href=\"http:\/\/gotour.be\/multi\/voyageretho\/destinations\/prague\/\"><\/a>\n\t\t\t\t\t\t\t\t\t\t\t\t\t\t<div class=\"qodef-tdi-text\">\n\t\t\t\t\t\t\t\t<div class=\"qodef-tdi-text-inner\">\n\t\t\t\t\t\t\t\t\t\t\t\t\t\t\t\t\t<h3 class=\"qodef-tdi-title\">Prague<\/h3>\n\t\t\t\t\t\t\t\t\t\t\t\t\t\t\t\t<\/div>\n\t\t\t\t\t\t\t<\/div>\n\t\t\t\t\t<\/div>\n\t\t\t\t<\/div>\n\t\t\t\t\t\t\t\t\t<div class=\"qodef-td-item qodef-item-space\">\n\t\t\t\t\t<div class=\"qodef-tdi-content\">\n\t\t\t\t\t\t\t<div class=\"qodef-tdi-image\">\n\t\t\t\t\t\t\t\t<img width=\"650\" height=\"650\" src=\"http:\/\/gotour.be\/multi\/voyageretho\/wp-content\/uploads\/sites\/3\/2018\/09\/450517-650x650.jpeg\" class=\"attachment-setsail_select_image_square size-setsail_select_image_square wp-post-image\" alt=\"\" decoding=\"async\" loading=\"lazy\" srcset=\"http:\/\/gotour.be\/multi\/voyageretho\/wp-content\/uploads\/sites\/3\/2018\/09\/450517-650x650.jpeg 650w, http:\/\/gotour.be\/multi\/voyageretho\/wp-content\/uploads\/sites\/3\/2018\/09\/450517-150x150.jpeg 150w, http:\/\/gotour.be\/multi\/voyageretho\/wp-content\/uploads\/sites\/3\/2018\/09\/450517-1300x1300.jpeg 1300w, http:\/\/gotour.be\/multi\/voyageretho\/wp-content\/uploads\/sites\/3\/2018\/09\/450517-300x300.jpeg 300w, http:\/\/gotour.be\/multi\/voyageretho\/wp-content\/uploads\/sites\/3\/2018\/09\/450517-100x100.jpeg 100w\" sizes=\"(max-width: 650px) 100vw, 650px\" \/>\t\t\t\t\t\t\t<\/div>\n\t\t\t\t\t\t\t<a class=\"qodef-tdi-content-link\" href=\"http:\/\/gotour.be\/multi\/voyageretho\/destinations\/barcelone\/\"><\/a>\n\t\t\t\t\t\t\t\t\t\t\t\t\t\t<div class=\"qodef-tdi-text\">\n\t\t\t\t\t\t\t\t<div class=\"qodef-tdi-text-inner\">\n\t\t\t\t\t\t\t\t\t\t\t\t\t\t\t\t\t<h3 class=\"qodef-tdi-title\">Barcelone<\/h3>\n\t\t\t\t\t\t\t\t\t\t\t\t\t\t\t\t<\/div>\n\t\t\t\t\t\t\t<\/div>\n\t\t\t\t\t<\/div>\n\t\t\t\t<\/div>\n\t\t\t\t\t\t\t\t\t<div class=\"qodef-td-item qodef-item-space\">\n\t\t\t\t\t<div class=\"qodef-tdi-content\">\n\t\t\t\t\t\t\t<div class=\"qodef-tdi-image\">\n\t\t\t\t\t\t\t\t<img width=\"650\" height=\"650\" src=\"http:\/\/gotour.be\/multi\/voyageretho\/wp-content\/uploads\/sites\/3\/2018\/10\/Croatie-Kayak1-650x650.jpg\" class=\"attachment-setsail_select_image_square size-setsail_select_image_square wp-post-image\" alt=\"\" decoding=\"async\" loading=\"lazy\" srcset=\"http:\/\/gotour.be\/multi\/voyageretho\/wp-content\/uploads\/sites\/3\/2018\/10\/Croatie-Kayak1-650x650.jpg 650w, http:\/\/gotour.be\/multi\/voyageretho\/wp-content\/uploads\/sites\/3\/2018\/10\/Croatie-Kayak1-150x150.jpg 150w, http:\/\/gotour.be\/multi\/voyageretho\/wp-content\/uploads\/sites\/3\/2018\/10\/Croatie-Kayak1-1300x1300.jpg 1300w\" sizes=\"(max-width: 650px) 100vw, 650px\" \/>\t\t\t\t\t\t\t<\/div>\n\t\t\t\t\t\t\t<a class=\"qodef-tdi-content-link\" href=\"http:\/\/gotour.be\/multi\/voyageretho\/destinations\/croatie\/\"><\/a>\n\t\t\t\t\t\t\t\t\t\t\t\t\t\t<div class=\"qodef-tdi-text\">\n\t\t\t\t\t\t\t\t<div class=\"qodef-tdi-text-inner\">\n\t\t\t\t\t\t\t\t\t\t\t\t\t\t\t\t\t<h3 class=\"qodef-tdi-title\">Croatie<\/h3>\n\t\t\t\t\t\t\t\t\t\t\t\t\t\t\t\t<\/div>\n\t\t\t\t\t\t\t<\/div>\n\t\t\t\t\t<\/div>\n\t\t\t\t<\/div>\n\t\t\t<\/div>\n<\/div>[\/vc_column_inner][\/vc_row_inner][\/vc_column][\/vc_row][vc_row content_placement=\u00a0\u00bbbottom\u00a0\u00bb row_content_width=\u00a0\u00bbgrid\u00a0\u00bb disable_background_image=\u00a0\u00bb\u00a0\u00bb content_text_aligment=\u00a0\u00bbcenter\u00a0\u00bb simple_background_image=\u00a0\u00bb115&Prime; parallax_background_image=\u00a0\u00bb5298&Prime;][vc_column][vc_row_inner][vc_column_inner]<div class=\"qodef-elements-holder   qodef-one-column  qodef-responsive-mode-768 \" ><div class=\"qodef-eh-item    \"  data-item-class=\"qodef-eh-custom-6006\" data-1367-1600=\"106px 345px 151px\" data-1025-1366=\"106px 250px 151px\" data-769-1024=\"106px 80px 139px\" data-681-768=\"106px 0 260px 0\" data-680=\"106px 0 117px 0\">\n\t<div class=\"qodef-eh-item-inner\">\n\t\t<div class=\"qodef-eh-item-content qodef-eh-custom-6006\" style=\"padding: 106px 345px 451px\">\n\t\t\t<div class=\"qodef-section-title-holder \" >\n\t<div class=\"qodef-st-inner\">\n\t\t\t\t\t<span class=\"qodef-st-tagline\" style=\"color: #ffffff;margin-bottom: -6px\">\n\t\t\t\tGo &amp; Discover\t\t\t<\/span>\n\t\t\t\t\t\t\t<h1 class=\"qodef-st-title\" style=\"color: #ffffff\">\n\t\t\t\tDes villes incroyables\t\t\t<\/h1>\n\t\t\t\t\t\t\t<p class=\"qodef-st-text\" style=\"color: #ffffff;font-size: 17px;line-height: 28px\">\n\t\t\t\tDans la conception du s\u00e9jour, nous recherchons toujours \u00e0 rencontrer deux objectifs:\nD\u00e9couvrir un pays, une r\u00e9gion, une ville, sous ses aspects culturels, historiques, touristiques, folkloriques, gastronomiques, sportifs, humains, ...<br \/>\nVivre une exp\u00e9rience de groupe exceptionnelle, adapt\u00e9e et originale, en toute convivialit\u00e9, dans le respect de chacun.\t\t\t<\/p>\n\t\t\t<\/div>\n<\/div>\t\t<\/div>\n\t<\/div>\n<\/div><\/div>[\/vc_column_inner][\/vc_row_inner][\/vc_column][\/vc_row]<\/p>\n","protected":false},"excerpt":{"rendered":"<p>[vc_row row_content_width=\u00a0\u00bbgrid\u00a0\u00bb content_text_aligment=\u00a0\u00bbcenter\u00a0\u00bb css=\u00a0\u00bb.vc_custom_1540212068471{margin-top: 106px !important;}\u00a0\u00bb][vc_column offset=\u00a0\u00bbvc_col-lg-offset-3 vc_col-lg-6 vc_col-md-offset-1 vc_col-md-10&Prime;][\/vc_column][\/vc_row][vc_row content_placement=\u00a0\u00bbmiddle\u00a0\u00bb content_text_aligment=\u00a0\u00bbcenter\u00a0\u00bb css=\u00a0\u00bb.vc_custom_1539766482430{padding-bottom: 86px !important;}\u00a0\u00bb][vc_column css=\u00a0\u00bb.vc_custom_1540977870937{margin-right: 30px !important;}\u00a0\u00bb][\/vc_column][\/vc_row][vc_row row_content_width=\u00a0\u00bbgrid\u00a0\u00bb disable_background_image=\u00a0\u00bb768&Prime; content_text_aligment=\u00a0\u00bbcenter\u00a0\u00bb css=\u00a0\u00bb.vc_custom_1632264331802{padding-top: 90px !important;padding-bottom: 130px !important;background-position: 0 0 !important;background-repeat: no-repeat !important;}\u00a0\u00bb simple_background_color=\u00a0\u00bb#f8f8f8&Prime; simple_background_image=\u00a0\u00bb3145&Prime;][vc_column offset=\u00a0\u00bbvc_col-lg-offset-0 vc_col-lg-12 vc_col-md-offset-0 vc_col-md-12&Prime;][vc_row_inner][vc_column_inner offset=\u00a0\u00bbvc_col-lg-offset-3 vc_col-lg-6 vc_col-md-offset-1 [&hellip;]<\/p>\n","protected":false},"author":1,"featured_media":0,"parent":0,"menu_order":0,"comment_status":"closed","ping_status":"closed","template":"full-width.php","meta":[],"_links":{"self":[{"href":"http:\/\/gotour.be\/multi\/voyageretho\/wp-json\/wp\/v2\/pages\/37"}],"collection":[{"href":"http:\/\/gotour.be\/multi\/voyageretho\/wp-json\/wp\/v2\/pages"}],"about":[{"href":"http:\/\/gotour.be\/multi\/voyageretho\/wp-json\/wp\/v2\/types\/page"}],"author":[{"embeddable":true,"href":"http:\/\/gotour.be\/multi\/voyageretho\/wp-json\/wp\/v2\/users\/1"}],"replies":[{"embeddable":true,"href":"http:\/\/gotour.be\/multi\/voyageretho\/wp-json\/wp\/v2\/comments?post=37"}],"version-history":[{"count":29,"href":"http:\/\/gotour.be\/multi\/voyageretho\/wp-json\/wp\/v2\/pages\/37\/revisions"}],"predecessor-version":[{"id":5432,"href":"http:\/\/gotour.be\/multi\/voyageretho\/wp-json\/wp\/v2\/pages\/37\/revisions\/5432"}],"wp:attachment":[{"href":"http:\/\/gotour.be\/multi\/voyageretho\/wp-json\/wp\/v2\/media?parent=37"}],"curies":[{"name":"wp","href":"https:\/\/api.w.org\/{rel}","templated":true}]}}